{"id":979,"date":"2015-02-09T04:52:39","date_gmt":"2015-02-09T04:52:39","guid":{"rendered":"http:\/\/pacifik.gelidus.cz\/?page_id=979"},"modified":"2016-02-02T09:55:53","modified_gmt":"2016-02-02T08:55:53","slug":"bela-pod-pradedem","status":"publish","type":"page","link":"https:\/\/www.penzionpacifik.cz\/?page_id=979","title":{"rendered":"B\u011bl\u00e1 pod Prad\u011bdem"},"content":{"rendered":"<h3>B\u011bl\u00e1 pod Prad\u011bdem<\/h3>\n<p>Nach\u00e1z\u00ed se mezi Jesen\u00edkem a \u010cervenohorsk\u00fdm sedlem.<br \/>\nObec tvo\u0159\u00ed \u010dty\u0159i \u010d\u00e1sti: Adolfovice, Doma\u0161ov, B\u011bl\u00e1 a Filipovice.<br \/>\nV okol\u00ed se nach\u00e1zej\u00ed L\u00e1zn\u011b Gr\u00e4fenberk, Velk\u00e9 Losiny, Karlova Stud\u00e1nka nebo jeskyn\u011b Na Pomez\u00ed \u010di \u0160pi\u010d\u00e1k.<br \/>\nV obci se je skiare\u00e1l Filipovice a v\u00edce\u00fa\u010delov\u00e9 sportovn\u00ed h\u0159i\u0161t\u011b, v Doma\u0161ov\u011b sportovn\u00ed a z\u00e1bavn\u00ed miniare\u00e1l.<br \/>\nV zimn\u00edm obdob\u00ed zde naleznete b\u011b\u017eeck\u00e9 ly\u017ea\u0159sk\u00e9 trasy z Jesen\u00edku do B\u011bl\u00e9 k hotelu Eduard a do Filipovic.<br \/>\nV l\u00e9t\u011b je okol\u00ed vhodn\u00e9 pro cykloturistiku.<br \/>\nMezi \u010cervenohorsk\u00fdm a Videlsk\u00fdm sedlem stejn\u011b jako oblast\u00ed mezi Orl\u00edkem a Rejv\u00edzem vedou cyklotrasy.<br \/>\nK B\u011bl\u00e9 pod Prad\u011bdem pat\u0159\u00ed p\u0159\u00edrodn\u00ed rezervace Filipovick\u00e9 louky, \u0160um\u00e1rn\u00edk, Borek, Vysok\u00fd vodop\u00e1d, Sn\u011b\u017en\u00e1 kotlina a pralesn\u00ed rezervace \u0160er\u00e1k-Keprn\u00edk-Vozka.<\/p>\n<p>&nbsp;<\/p>\n<p><a title=\"Trasy\" href=\"http:\/\/penzionpacifik.cz\/?page_id=955\">Zp\u011bt na trasy<\/a><\/p>\n","protected":false},"excerpt":{"rendered":"<p>B\u011bl\u00e1 pod Prad\u011bdem Nach\u00e1z\u00ed se mezi Jesen\u00edkem a \u010cervenohorsk\u00fdm sedlem. Obec tvo\u0159\u00ed \u010dty\u0159i \u010d\u00e1sti: Adolfovice, Doma\u0161ov, B\u011bl\u00e1 a Filipovice. V okol\u00ed se nach\u00e1zej\u00ed L\u00e1zn\u011b Gr\u00e4fenberk, Velk\u00e9 Losiny, Karlova Stud\u00e1nka nebo jeskyn\u011b Na Pomez\u00ed \u010di \u0160pi\u010d\u00e1k. V obci se je skiare\u00e1l Filipovice a v\u00edce\u00fa\u010delov\u00e9 sportovn\u00ed h\u0159i\u0161t\u011b, v Doma\u0161ov\u011b sportovn\u00ed a z\u00e1bavn\u00ed miniare\u00e1l. V zimn\u00edm obdob\u00ed zde naleznete b\u011b\u017eeck\u00e9 ly\u017ea\u0159sk\u00e9 trasy z Jesen\u00edku do B\u011bl\u00e9 k hotelu Eduard a do Filipovic. V l\u00e9t\u011b je okol\u00ed vhodn\u00e9 pro cykloturistiku. Mezi \u010cervenohorsk\u00fdm a Videlsk\u00fdm sedlem stejn\u011b jako oblast\u00ed mezi Orl\u00edkem a Rejv\u00edzem vedou cyklotrasy. K B\u011bl\u00e9 pod Prad\u011bdem pat\u0159\u00ed p\u0159\u00edrodn\u00ed rezervace Filipovick\u00e9 louky, \u0160um\u00e1rn\u00edk, Borek, Vysok\u00fd vodop\u00e1d, Sn\u011b\u017en\u00e1 kotlina a pralesn\u00ed rezervace \u0160er\u00e1k-Keprn\u00edk-Vozka. &nbsp; Zp\u011bt na trasy<\/p>\n","protected":false},"author":1,"featured_media":0,"parent":955,"menu_order":0,"comment_status":"closed","ping_status":"closed","template":"","meta":{"footnotes":""},"class_list":["post-979","page","type-page","status-publish","hentry"],"_links":{"self":[{"href":"https:\/\/www.penzionpacifik.cz\/index.php?rest_route=\/wp\/v2\/pages\/979","targetHints":{"allow":["GET"]}}],"collection":[{"href":"https:\/\/www.penzionpacifik.cz\/index.php?rest_route=\/wp\/v2\/pages"}],"about":[{"href":"https:\/\/www.penzionpacifik.cz\/index.php?rest_route=\/wp\/v2\/types\/page"}],"author":[{"embeddable":true,"href":"https:\/\/www.penzionpacifik.cz\/index.php?rest_route=\/wp\/v2\/users\/1"}],"replies":[{"embeddable":true,"href":"https:\/\/www.penzionpacifik.cz\/index.php?rest_route=%2Fwp%2Fv2%2Fcomments&post=979"}],"version-history":[{"count":0,"href":"https:\/\/www.penzionpacifik.cz\/index.php?rest_route=\/wp\/v2\/pages\/979\/revisions"}],"up":[{"embeddable":true,"href":"https:\/\/www.penzionpacifik.cz\/index.php?rest_route=\/wp\/v2\/pages\/955"}],"wp:attachment":[{"href":"https:\/\/www.penzionpacifik.cz\/index.php?rest_route=%2Fwp%2Fv2%2Fmedia&parent=979"}],"curies":[{"name":"wp","href":"https:\/\/api.w.org\/{rel}","templated":true}]}}