{"id":975,"date":"2015-02-09T04:50:46","date_gmt":"2015-02-09T04:50:46","guid":{"rendered":"http:\/\/pacifik.gelidus.cz\/?page_id=975"},"modified":"2016-02-02T09:55:51","modified_gmt":"2016-02-02T08:55:51","slug":"branna","status":"publish","type":"page","link":"https:\/\/www.penzionpacifik.cz\/?page_id=975","title":{"rendered":"Brann\u00e1"},"content":{"rendered":"<h3>Brann\u00e1<\/h3>\n<p>Nach\u00e1z\u00ed se v podh\u016f\u0159\u00ed Jesen\u00edk\u016f nad \u0159ekou Brann\u00e1 v Hanu\u0161ovick\u00e9 vrchovin\u011b.<br \/>\nKolem roku 1282 byla naz\u00fdv\u00e1na Goldenstein, \u010desky Kol\u0161tejn.<br \/>\nVysoko nad \u00fadol\u00edm \u0159\u00ed\u010dky Brann\u00e9, na skalnat\u00e9m ostrohu byl postaven gotick\u00fd Kol\u0161tejnsk\u00fd hrad.<br \/>\nZachovan\u00e9 z\u016fstaly pouze zbytky hradu. Od severu je hrad zakryt rozs\u00e1hl\u00fdm renesan\u010dn\u00edm z\u00e1mkem.<br \/>\nJde o jeden z nejv\u00fd\u0161e polo\u017een\u00fdch \u010desk\u00fdch z\u00e1mk\u016f. B\u00fdval naz\u00fdv\u00e1n tak\u00e9 st\u0159edn\u00edm a doln\u00edm hradem &#8211; z\u00e1mkem.<br \/>\nMezi v\u00fdznamn\u00e9 stavby v Brann\u00e9 pat\u0159\u00ed i renesan\u010dn\u00ed radnice, nyn\u00ed \u0161kola a kostel sv. Michala.<br \/>\nMimo kvalitn\u00edch sjezdovek nab\u00edz\u00ed i pravideln\u011b upraven\u00e9 zna\u010den\u00e9 b\u011b\u017eeck\u00e9 trasy.<\/p>\n<p><strong>Trasa:<\/strong><br \/>\n<em>D\u00e9lka: 18,5 km<\/em><br \/>\n<em> Obt\u00ed\u017enost: n\u00e1ro\u010dn\u00e1<\/em><\/p>\n<p>Trasa za\u010d\u00edn\u00e1 v Ramzov\u00e9 a pokra\u010dujeme na \u0160er\u00e1k bu\u010f po \u010derven\u00e9 turistick\u00e9 zna\u010dce nebo si cestu m\u016f\u017eeme zkr\u00e1tit lanovkou. K chat\u011b Ji\u0159\u00edho t\u011bsn\u011b pod vrcholem hory pokra\u010dujeme po \u017elut\u00e9 turistick\u00e9 zna\u010dce. Pot\u00e9 jdeme po h\u0159ebeni sm\u011brem ke Keprn\u00edku k rozcest\u00ed s \u010dervenou zna\u010dkou. D\u00e1le po \u010derven\u00e9 zna\u010dce na vrchol Keprn\u00edku. V\u011bt\u0161inu cesty jdeme po \u00fazem\u00ed p\u0159\u00edrodn\u00ed rezervace \u0160er\u00e1k-Keprn\u00edk. Z vrcholu sestupujeme k Trojmez\u00ed a na rozcest\u00ed uprost\u0159ed lesa odbo\u010d\u00edme na \u017elutou turistickou trasu, kterou pokra\u010dujeme p\u0159es prameni\u0161t\u011b Hu\u010div\u00e9 Desn\u00e9 na vrchol Vozky k v\u00fdrazn\u00e9mu skalisku. Je odtud n\u00e1dhern\u00fd v\u00fdhled na Brannou, Starom\u011bstsko, Kr\u00e1lick\u00fd Sn\u011b\u017en\u00edk a h\u0159eben Hrub\u00e9ho Jesen\u00edku. Z vrcholu se vrac\u00edme zp\u011bt na rozcest\u00ed, kde se d\u00e1v\u00e1me strm\u011b dolu po \u017elut\u00e9 turistick\u00e9 zna\u010dce. M\u00edj\u00edme rozs\u00e1hl\u00e9 ra\u0161elini\u0161t\u011b. \u017dlut\u00e1 zna\u010dka n\u00e1s dovede k rozcest\u00ed nad H\u00e1\u0161ovou loveckou chatou a d\u00e1le kles\u00e1me k Volsk\u00e9 louce. Odtud sestupujeme ji\u017e m\u00edrn\u011bji po svaz\u00edch Troj\u00e1ku k h\u00e1jovn\u011b Banjaluka a pokra\u010dujeme pod\u00e9l Brann\u00e9 po silni\u010dce a\u017e k rozcest\u00ed u mostu v Brann\u00e9 nedaleko \u017eelezni\u010dn\u00ed zast\u00e1vky.<\/p>\n<table border=\"0\" width=\"407\" cellspacing=\"0\" cellpadding=\"0\">\n<colgroup>\n<col width=\"80\" \/>\n<col width=\"122\" \/>\n<col width=\"115\" \/>\n<col width=\"90\" \/><\/colgroup>\n<tbody>\n<tr>\n<td class=\"xl75\" width=\"80\" height=\"20\"><strong>Vzd\u00e1lenost<\/strong><\/td>\n<td class=\"xl76\" width=\"122\"><strong>N\u00e1zev<\/strong><\/td>\n<td class=\"xl76\" width=\"115\"><strong>Nadmo\u0159sk\u00e1 v\u00fd\u0161ka<\/strong><\/td>\n<td class=\"xl77\" width=\"90\"><strong>Zna\u010dka<\/strong><\/td>\n<\/tr>\n<tr>\n<td class=\"xl71\" height=\"19\">0,0<\/td>\n<td class=\"xl72\">Ramzov\u00e1<\/td>\n<td class=\"xl72\">758 m n.m.<\/td>\n<td class=\"xl73\">\u010derven\u00e1<\/td>\n<\/tr>\n<tr>\n<td class=\"xl70\" height=\"20\">5,4<\/td>\n<td class=\"xl65\">\u0160er\u00e1k<\/td>\n<td class=\"xl65\">1350 m n.m.<\/td>\n<td class=\"xl69\">\u010derven\u00e1<\/td>\n<\/tr>\n<tr>\n<td class=\"xl66\" height=\"19\">7,4<\/td>\n<td class=\"xl65\">Keprn\u00edk<\/td>\n<td class=\"xl65\">1422 m n.m.<\/td>\n<td class=\"xl69\">\u010derven\u00e1<\/td>\n<\/tr>\n<tr>\n<td class=\"xl66\" height=\"19\">8,2<\/td>\n<td class=\"xl65\">Trojmez\u00ed<\/td>\n<td class=\"xl65\">1316 m n.m.<\/td>\n<td class=\"xl69\">\u017elut\u00e1<\/td>\n<\/tr>\n<tr>\n<td class=\"xl66\" height=\"19\">9,5<\/td>\n<td class=\"xl65\">U Vozky<\/td>\n<td class=\"xl65\">1357 m n.m.<\/td>\n<td class=\"xl69\">\u017elut\u00e1\/zelen\u00e1<\/td>\n<\/tr>\n<tr>\n<td class=\"xl66\" height=\"19\">10,7<\/td>\n<td class=\"xl65\">Nad H\u00e1\u0161ovou chatou<\/td>\n<td class=\"xl65\">1247 m n.m.<\/td>\n<td class=\"xl69\">\u017elut\u00e1<\/td>\n<\/tr>\n<tr>\n<td class=\"xl66\" height=\"19\">12,5<\/td>\n<td class=\"xl65\">Volsk\u00e1 louka<\/td>\n<td class=\"xl65\">996 m n.m.<\/td>\n<td class=\"xl69\">\u017elut\u00e1<\/td>\n<\/tr>\n<tr>\n<td class=\"xl66\" height=\"19\">16,7<\/td>\n<td class=\"xl65\">Banjaluka<\/td>\n<td class=\"xl65\">633 m n.m.<\/td>\n<td class=\"xl69\">\u017elut\u00e1\/zelen\u00e1<\/td>\n<\/tr>\n<tr>\n<td class=\"xl67\" height=\"20\">18,5<\/td>\n<td class=\"xl68\">Brann\u00e1<\/td>\n<td class=\"xl68\">587 m n.m.<\/td>\n<td class=\"xl74\"><\/td>\n<\/tr>\n<\/tbody>\n<\/table>\n<p><a href=\"http:\/\/penzionpacifik.cz\/wp-content\/uploads\/2015\/02\/trasa_branna.jpg\" data-rel=\"lightbox-gallery-KIh3sd7S\" data-rl_title=\"\" data-rl_caption=\"\" title=\"\"><img loading=\"lazy\" decoding=\"async\" class=\"alignnone  wp-image-983\" src=\"http:\/\/penzionpacifik.cz\/wp-content\/uploads\/2015\/02\/trasa_branna.jpg\" alt=\"trasa_branna\" width=\"555\" height=\"185\" \/><\/a><\/p>\n<p><a title=\"Trasy\" href=\"http:\/\/penzionpacifik.cz\/?page_id=955\">Zp\u011bt na trasy<\/a><\/p>\n","protected":false},"excerpt":{"rendered":"<p>Brann\u00e1 Nach\u00e1z\u00ed se v podh\u016f\u0159\u00ed Jesen\u00edk\u016f nad \u0159ekou Brann\u00e1 v Hanu\u0161ovick\u00e9 vrchovin\u011b. Kolem roku 1282 byla naz\u00fdv\u00e1na Goldenstein, \u010desky Kol\u0161tejn. Vysoko nad \u00fadol\u00edm \u0159\u00ed\u010dky Brann\u00e9, na skalnat\u00e9m ostrohu byl postaven gotick\u00fd Kol\u0161tejnsk\u00fd hrad. Zachovan\u00e9 z\u016fstaly pouze zbytky hradu. Od severu je hrad zakryt rozs\u00e1hl\u00fdm renesan\u010dn\u00edm z\u00e1mkem. Jde o jeden z nejv\u00fd\u0161e polo\u017een\u00fdch \u010desk\u00fdch z\u00e1mk\u016f. B\u00fdval naz\u00fdv\u00e1n tak\u00e9 st\u0159edn\u00edm a doln\u00edm hradem &#8211; z\u00e1mkem. Mezi v\u00fdznamn\u00e9 stavby v Brann\u00e9 pat\u0159\u00ed i renesan\u010dn\u00ed radnice, nyn\u00ed \u0161kola a kostel sv. Michala. Mimo kvalitn\u00edch sjezdovek nab\u00edz\u00ed i pravideln\u011b upraven\u00e9 zna\u010den\u00e9 b\u011b\u017eeck\u00e9 trasy. Trasa: D\u00e9lka: 18,5 km Obt\u00ed\u017enost: n\u00e1ro\u010dn\u00e1 Trasa za\u010d\u00edn\u00e1 v Ramzov\u00e9 a pokra\u010dujeme na \u0160er\u00e1k bu\u010f po \u010derven\u00e9 turistick\u00e9 zna\u010dce nebo si cestu m\u016f\u017eeme zkr\u00e1tit lanovkou. K chat\u011b Ji\u0159\u00edho t\u011bsn\u011b pod vrcholem hory pokra\u010dujeme po \u017elut\u00e9 turistick\u00e9 zna\u010dce. Pot\u00e9 jdeme po h\u0159ebeni sm\u011brem ke Keprn\u00edku k rozcest\u00ed s \u010dervenou zna\u010dkou. D\u00e1le po \u010derven\u00e9 zna\u010dce na vrchol Keprn\u00edku. V\u011bt\u0161inu cesty jdeme po \u00fazem\u00ed p\u0159\u00edrodn\u00ed rezervace \u0160er\u00e1k-Keprn\u00edk. Z vrcholu sestupujeme k Trojmez\u00ed a na rozcest\u00ed uprost\u0159ed lesa odbo\u010d\u00edme na \u017elutou turistickou trasu, kterou pokra\u010dujeme p\u0159es prameni\u0161t\u011b Hu\u010div\u00e9 Desn\u00e9 na vrchol Vozky k v\u00fdrazn\u00e9mu skalisku. Je odtud n\u00e1dhern\u00fd v\u00fdhled na Brannou, Starom\u011bstsko, Kr\u00e1lick\u00fd Sn\u011b\u017en\u00edk a h\u0159eben Hrub\u00e9ho Jesen\u00edku. Z vrcholu se vrac\u00edme zp\u011bt na rozcest\u00ed, kde <a class=\"more-link\" href=\"https:\/\/www.penzionpacifik.cz\/?page_id=975\">Continue Reading \u2192<\/a><\/p>\n","protected":false},"author":1,"featured_media":0,"parent":955,"menu_order":0,"comment_status":"closed","ping_status":"closed","template":"","meta":{"footnotes":""},"class_list":["post-975","page","type-page","status-publish","hentry"],"_links":{"self":[{"href":"https:\/\/www.penzionpacifik.cz\/index.php?rest_route=\/wp\/v2\/pages\/975","targetHints":{"allow":["GET"]}}],"collection":[{"href":"https:\/\/www.penzionpacifik.cz\/index.php?rest_route=\/wp\/v2\/pages"}],"about":[{"href":"https:\/\/www.penzionpacifik.cz\/index.php?rest_route=\/wp\/v2\/types\/page"}],"author":[{"embeddable":true,"href":"https:\/\/www.penzionpacifik.cz\/index.php?rest_route=\/wp\/v2\/users\/1"}],"replies":[{"embeddable":true,"href":"https:\/\/www.penzionpacifik.cz\/index.php?rest_route=%2Fwp%2Fv2%2Fcomments&post=975"}],"version-history":[{"count":0,"href":"https:\/\/www.penzionpacifik.cz\/index.php?rest_route=\/wp\/v2\/pages\/975\/revisions"}],"up":[{"embeddable":true,"href":"https:\/\/www.penzionpacifik.cz\/index.php?rest_route=\/wp\/v2\/pages\/955"}],"wp:attachment":[{"href":"https:\/\/www.penzionpacifik.cz\/index.php?rest_route=%2Fwp%2Fv2%2Fmedia&parent=975"}],"curies":[{"name":"wp","href":"https:\/\/api.w.org\/{rel}","templated":true}]}}