{"id":972,"date":"2015-02-09T04:49:28","date_gmt":"2015-02-09T04:49:28","guid":{"rendered":"http:\/\/pacifik.gelidus.cz\/?page_id=972"},"modified":"2016-02-02T09:55:43","modified_gmt":"2016-02-02T08:55:43","slug":"lipova-lazne","status":"publish","type":"page","link":"https:\/\/www.penzionpacifik.cz\/?page_id=972","title":{"rendered":"Lipov\u00e1 &#8211; l\u00e1zn\u011b"},"content":{"rendered":"<h3>Lipov\u00e1 \u2013 l\u00e1zn\u011b<\/h3>\n<p>obec le\u017e\u00edc\u00ed mezi poho\u0159\u00edmi Rychlebsk\u00fdch hor a Hrub\u00e9ho Jesen\u00edku. Historicky pat\u0159\u00ed do \u00fazem\u00ed Slezska.<br \/>\nZ\u00e1padn\u00ed hranice tvo\u0159\u00ed hranici mezi Moravou a Slezskem.<br \/>\nTato l\u00e1ze\u0148sk\u00e1 obec je zn\u00e1ma sv\u00fdm hornat\u00fdm okol\u00edm sk\u00fdtaj\u00edc\u00edm fantastick\u00e9 mo\u017enosti turistiky, cykloturistiky, b\u011b\u017eeck\u00e9ho i sjezdov\u00e9ho ly\u017eov\u00e1n\u00ed.<br \/>\nV Doln\u00ed Lipov\u00e9 nalezneme klimatick\u00e9 l\u00e1zn\u011b s celoro\u010dn\u00edm provozem, kde se l\u00e9\u010d\u00ed lupenka, ekz\u00e9my a poruchy metabolismu.<br \/>\nObec je st\u0159ediskem letn\u00ed i zimn\u00ed turistiky nab\u00edzej\u00edc\u00ed mnoho turistick\u00fdch a cykloturistick\u00fdch tras. V bl\u00edzkosti se nach\u00e1zej\u00ed Jeskyn\u011b Na Pomez\u00ed.<br \/>\nV zim\u011b nab\u00edz\u00ed sjezdov\u00e9 ly\u017eov\u00e1n\u00ed (are\u00e1ly L\u00e1ze\u0148sk\u00fd vrch, Miroslav a ly\u017ea\u0159sk\u00fd vlek v Horn\u00ed Lipov\u00e9) a b\u011b\u017eka\u0159sk\u00e9 trasy.<\/p>\n<p>&nbsp;<br \/>\n<a title=\"Trasy\" href=\"http:\/\/penzionpacifik.cz\/?page_id=955\">Zp\u011bt na trasy<\/a><\/p>\n","protected":false},"excerpt":{"rendered":"<p>Lipov\u00e1 \u2013 l\u00e1zn\u011b obec le\u017e\u00edc\u00ed mezi poho\u0159\u00edmi Rychlebsk\u00fdch hor a Hrub\u00e9ho Jesen\u00edku. Historicky pat\u0159\u00ed do \u00fazem\u00ed Slezska. Z\u00e1padn\u00ed hranice tvo\u0159\u00ed hranici mezi Moravou a Slezskem. Tato l\u00e1ze\u0148sk\u00e1 obec je zn\u00e1ma sv\u00fdm hornat\u00fdm okol\u00edm sk\u00fdtaj\u00edc\u00edm fantastick\u00e9 mo\u017enosti turistiky, cykloturistiky, b\u011b\u017eeck\u00e9ho i sjezdov\u00e9ho ly\u017eov\u00e1n\u00ed. V Doln\u00ed Lipov\u00e9 nalezneme klimatick\u00e9 l\u00e1zn\u011b s celoro\u010dn\u00edm provozem, kde se l\u00e9\u010d\u00ed lupenka, ekz\u00e9my a poruchy metabolismu. Obec je st\u0159ediskem letn\u00ed i zimn\u00ed turistiky nab\u00edzej\u00edc\u00ed mnoho turistick\u00fdch a cykloturistick\u00fdch tras. V bl\u00edzkosti se nach\u00e1zej\u00ed Jeskyn\u011b Na Pomez\u00ed. V zim\u011b nab\u00edz\u00ed sjezdov\u00e9 ly\u017eov\u00e1n\u00ed (are\u00e1ly L\u00e1ze\u0148sk\u00fd vrch, Miroslav a ly\u017ea\u0159sk\u00fd vlek v Horn\u00ed Lipov\u00e9) a b\u011b\u017eka\u0159sk\u00e9 trasy. &nbsp; Zp\u011bt na trasy<\/p>\n","protected":false},"author":1,"featured_media":0,"parent":955,"menu_order":0,"comment_status":"closed","ping_status":"closed","template":"","meta":{"footnotes":""},"class_list":["post-972","page","type-page","status-publish","hentry"],"_links":{"self":[{"href":"https:\/\/www.penzionpacifik.cz\/index.php?rest_route=\/wp\/v2\/pages\/972","targetHints":{"allow":["GET"]}}],"collection":[{"href":"https:\/\/www.penzionpacifik.cz\/index.php?rest_route=\/wp\/v2\/pages"}],"about":[{"href":"https:\/\/www.penzionpacifik.cz\/index.php?rest_route=\/wp\/v2\/types\/page"}],"author":[{"embeddable":true,"href":"https:\/\/www.penzionpacifik.cz\/index.php?rest_route=\/wp\/v2\/users\/1"}],"replies":[{"embeddable":true,"href":"https:\/\/www.penzionpacifik.cz\/index.php?rest_route=%2Fwp%2Fv2%2Fcomments&post=972"}],"version-history":[{"count":0,"href":"https:\/\/www.penzionpacifik.cz\/index.php?rest_route=\/wp\/v2\/pages\/972\/revisions"}],"up":[{"embeddable":true,"href":"https:\/\/www.penzionpacifik.cz\/index.php?rest_route=\/wp\/v2\/pages\/955"}],"wp:attachment":[{"href":"https:\/\/www.penzionpacifik.cz\/index.php?rest_route=%2Fwp%2Fv2%2Fmedia&parent=972"}],"curies":[{"name":"wp","href":"https:\/\/api.w.org\/{rel}","templated":true}]}}