{"id":970,"date":"2015-02-09T04:48:35","date_gmt":"2015-02-09T04:48:35","guid":{"rendered":"http:\/\/pacifik.gelidus.cz\/?page_id=970"},"modified":"2016-02-02T09:55:24","modified_gmt":"2016-02-02T08:55:24","slug":"vozka","status":"publish","type":"page","link":"https:\/\/www.penzionpacifik.cz\/?page_id=970","title":{"rendered":"Vozka"},"content":{"rendered":"<h3>Vozka (1377 m)<\/h3>\n<p>Le\u017e\u00ed v Hrub\u00e9m Jesen\u00edku mezi \u010cervenohorsk\u00fdm a Ramzovsk\u00fdm sedlem a je sou\u010d\u00e1st\u00ed NPR \u0160er\u00e1k\u2013Keprn\u00edk.<br \/>\nVrchol hory tvo\u0159\u00ed skaliska vysok\u00e9 a\u017e 7 m. Zvl\u00e1\u0161tn\u00ed tvary t\u011bchto skal vedly ke vzniku mnoha pov\u011bst\u00ed.<br \/>\nNejzn\u00e1m\u011bj\u0161\u00ed z nich hovo\u0159\u00ed vozkovi, kter\u00fd zde za trest s povozem zkamen\u011bl, proto\u017ee v dob\u011b hladomoru podkl\u00e1dal pod kola vozu bochn\u00edky chleba.<br \/>\nSk\u00e1ly skute\u010dn\u011b p\u0159ipom\u00ednaj\u00ed tvarem povoz s vozkou a ko\u0148mi.<br \/>\nZe skal je v\u00fdhled na Branensko, Starom\u011bstsko, Kr\u00e1lick\u00fd Sn\u011b\u017en\u00edk a hlavn\u00ed h\u0159eben Hrub\u00e9ho Jesen\u00edku.<br \/>\nP\u0159\u00edstup na Vozku je mo\u017en\u00fd z v\u00edce sm\u011br\u016f. Jeden z nich je z \u010cervenohorsk\u00e9ho sedla po \u010derven\u00e9 turistick\u00e9 zna\u010dce na V\u0159esovou stud\u00e1nku a do sedla pod V\u0159esovkou, kde se odbo\u010d\u00ed na zelenou turistickou zna\u010dku vedouc\u00ed a\u017e ke skalisk\u016fm.<\/p>\n<p>&nbsp;<\/p>\n<p><a title=\"Trasy\" href=\"http:\/\/penzionpacifik.cz\/?page_id=955\">Zp\u011bt na trasy<\/a><\/p>\n","protected":false},"excerpt":{"rendered":"<p>Vozka (1377 m) Le\u017e\u00ed v Hrub\u00e9m Jesen\u00edku mezi \u010cervenohorsk\u00fdm a Ramzovsk\u00fdm sedlem a je sou\u010d\u00e1st\u00ed NPR \u0160er\u00e1k\u2013Keprn\u00edk. Vrchol hory tvo\u0159\u00ed skaliska vysok\u00e9 a\u017e 7 m. Zvl\u00e1\u0161tn\u00ed tvary t\u011bchto skal vedly ke vzniku mnoha pov\u011bst\u00ed. Nejzn\u00e1m\u011bj\u0161\u00ed z nich hovo\u0159\u00ed vozkovi, kter\u00fd zde za trest s povozem zkamen\u011bl, proto\u017ee v dob\u011b hladomoru podkl\u00e1dal pod kola vozu bochn\u00edky chleba. Sk\u00e1ly skute\u010dn\u011b p\u0159ipom\u00ednaj\u00ed tvarem povoz s vozkou a ko\u0148mi. Ze skal je v\u00fdhled na Branensko, Starom\u011bstsko, Kr\u00e1lick\u00fd Sn\u011b\u017en\u00edk a hlavn\u00ed h\u0159eben Hrub\u00e9ho Jesen\u00edku. P\u0159\u00edstup na Vozku je mo\u017en\u00fd z v\u00edce sm\u011br\u016f. Jeden z nich je z \u010cervenohorsk\u00e9ho sedla po \u010derven\u00e9 turistick\u00e9 zna\u010dce na V\u0159esovou stud\u00e1nku a do sedla pod V\u0159esovkou, kde se odbo\u010d\u00ed na zelenou turistickou zna\u010dku vedouc\u00ed a\u017e ke skalisk\u016fm. &nbsp; Zp\u011bt na trasy<\/p>\n","protected":false},"author":1,"featured_media":0,"parent":955,"menu_order":0,"comment_status":"closed","ping_status":"closed","template":"","meta":{"footnotes":""},"class_list":["post-970","page","type-page","status-publish","hentry"],"_links":{"self":[{"href":"https:\/\/www.penzionpacifik.cz\/index.php?rest_route=\/wp\/v2\/pages\/970","targetHints":{"allow":["GET"]}}],"collection":[{"href":"https:\/\/www.penzionpacifik.cz\/index.php?rest_route=\/wp\/v2\/pages"}],"about":[{"href":"https:\/\/www.penzionpacifik.cz\/index.php?rest_route=\/wp\/v2\/types\/page"}],"author":[{"embeddable":true,"href":"https:\/\/www.penzionpacifik.cz\/index.php?rest_route=\/wp\/v2\/users\/1"}],"replies":[{"embeddable":true,"href":"https:\/\/www.penzionpacifik.cz\/index.php?rest_route=%2Fwp%2Fv2%2Fcomments&post=970"}],"version-history":[{"count":0,"href":"https:\/\/www.penzionpacifik.cz\/index.php?rest_route=\/wp\/v2\/pages\/970\/revisions"}],"up":[{"embeddable":true,"href":"https:\/\/www.penzionpacifik.cz\/index.php?rest_route=\/wp\/v2\/pages\/955"}],"wp:attachment":[{"href":"https:\/\/www.penzionpacifik.cz\/index.php?rest_route=%2Fwp%2Fv2%2Fmedia&parent=970"}],"curies":[{"name":"wp","href":"https:\/\/api.w.org\/{rel}","templated":true}]}}