{"id":965,"date":"2015-02-09T04:44:12","date_gmt":"2015-02-09T04:44:12","guid":{"rendered":"http:\/\/pacifik.gelidus.cz\/?page_id=965"},"modified":"2016-02-02T09:55:45","modified_gmt":"2016-02-02T08:55:45","slug":"keprnik","status":"publish","type":"page","link":"https:\/\/www.penzionpacifik.cz\/?page_id=965","title":{"rendered":"Keprn\u00edk"},"content":{"rendered":"<h3>Keprn\u00edk (1424 m)<\/h3>\n<p>Jde nejvy\u0161\u0161\u00ed horou v Keprnick\u00e9 hornatin\u011b a \u010dtvrt\u00fd nejvy\u0161\u0161\u00ed vrchol Hrub\u00e9ho Jesen\u00edku.<br \/>\nJde o sou\u010d\u00e1st CHKO Jesen\u00edky a NPR \u0160er\u00e1k-Keprn\u00edk.<br \/>\nVrchol hory je bezles\u00fd, tvo\u0159en\u00fd svorov\u00fdmi sk\u00e1lami a horsk\u00fdmi loukami.<br \/>\nNa vrcholu je \u017eulov\u00e1 rozhledov\u00e1 r\u016f\u017eice nab\u00edzej\u00edc\u00ed n\u00e1dhern\u00fd rozhled na Kralick\u00fd Sn\u011b\u017en\u00edk, Beskydy, Krkono\u0161e se Sn\u011b\u017ekou a ob\u010das i Malou Fatru a Vysok\u00e9 Tatry.<br \/>\nNa severn\u00edm svahu pramen\u00ed Keprnick\u00fd potok.<br \/>\nNa jihov\u00fdchodn\u00edm svahu do \u00fadol\u00ed Rudohorsk\u00e9ho potoka je Keprnick\u00fd ledovcov\u00fd kar<br \/>\nNa ji\u017en\u00edm h\u0159ebenu jsou vlajkov\u00e9 smrky a dv\u011b men\u0161\u00ed ra\u0161elini\u0161t\u011b.<br \/>\nRudohorsk\u00fd a Keprnick\u00fd potok te\u010de do Baltsk\u00e9ho mo\u0159e, \u0159eka Brann\u00e1 do mo\u0159e \u010cern\u00e9ho.<br \/>\nNa Keprn\u00edk se dostanete jedin\u011b po \u010derven\u00e9 h\u0159ebenovce z Ramzov\u00e9 na \u010cervenohorsk\u00e9 sedlo (celkem 14 km). Vrchol je zhruba v polovin\u011b cesty.<\/p>\n<p>&nbsp;<\/p>\n<p><a title=\"Trasy\" href=\"http:\/\/penzionpacifik.cz\/?page_id=955\">Zp\u011bt na trasy<\/a><\/p>\n","protected":false},"excerpt":{"rendered":"<p>Keprn\u00edk (1424 m) Jde nejvy\u0161\u0161\u00ed horou v Keprnick\u00e9 hornatin\u011b a \u010dtvrt\u00fd nejvy\u0161\u0161\u00ed vrchol Hrub\u00e9ho Jesen\u00edku. Jde o sou\u010d\u00e1st CHKO Jesen\u00edky a NPR \u0160er\u00e1k-Keprn\u00edk. Vrchol hory je bezles\u00fd, tvo\u0159en\u00fd svorov\u00fdmi sk\u00e1lami a horsk\u00fdmi loukami. Na vrcholu je \u017eulov\u00e1 rozhledov\u00e1 r\u016f\u017eice nab\u00edzej\u00edc\u00ed n\u00e1dhern\u00fd rozhled na Kralick\u00fd Sn\u011b\u017en\u00edk, Beskydy, Krkono\u0161e se Sn\u011b\u017ekou a ob\u010das i Malou Fatru a Vysok\u00e9 Tatry. Na severn\u00edm svahu pramen\u00ed Keprnick\u00fd potok. Na jihov\u00fdchodn\u00edm svahu do \u00fadol\u00ed Rudohorsk\u00e9ho potoka je Keprnick\u00fd ledovcov\u00fd kar Na ji\u017en\u00edm h\u0159ebenu jsou vlajkov\u00e9 smrky a dv\u011b men\u0161\u00ed ra\u0161elini\u0161t\u011b. Rudohorsk\u00fd a Keprnick\u00fd potok te\u010de do Baltsk\u00e9ho mo\u0159e, \u0159eka Brann\u00e1 do mo\u0159e \u010cern\u00e9ho. Na Keprn\u00edk se dostanete jedin\u011b po \u010derven\u00e9 h\u0159ebenovce z Ramzov\u00e9 na \u010cervenohorsk\u00e9 sedlo (celkem 14 km). Vrchol je zhruba v polovin\u011b cesty. &nbsp; Zp\u011bt na trasy<\/p>\n","protected":false},"author":1,"featured_media":0,"parent":955,"menu_order":0,"comment_status":"closed","ping_status":"closed","template":"","meta":{"footnotes":""},"class_list":["post-965","page","type-page","status-publish","hentry"],"_links":{"self":[{"href":"https:\/\/www.penzionpacifik.cz\/index.php?rest_route=\/wp\/v2\/pages\/965","targetHints":{"allow":["GET"]}}],"collection":[{"href":"https:\/\/www.penzionpacifik.cz\/index.php?rest_route=\/wp\/v2\/pages"}],"about":[{"href":"https:\/\/www.penzionpacifik.cz\/index.php?rest_route=\/wp\/v2\/types\/page"}],"author":[{"embeddable":true,"href":"https:\/\/www.penzionpacifik.cz\/index.php?rest_route=\/wp\/v2\/users\/1"}],"replies":[{"embeddable":true,"href":"https:\/\/www.penzionpacifik.cz\/index.php?rest_route=%2Fwp%2Fv2%2Fcomments&post=965"}],"version-history":[{"count":0,"href":"https:\/\/www.penzionpacifik.cz\/index.php?rest_route=\/wp\/v2\/pages\/965\/revisions"}],"up":[{"embeddable":true,"href":"https:\/\/www.penzionpacifik.cz\/index.php?rest_route=\/wp\/v2\/pages\/955"}],"wp:attachment":[{"href":"https:\/\/www.penzionpacifik.cz\/index.php?rest_route=%2Fwp%2Fv2%2Fmedia&parent=965"}],"curies":[{"name":"wp","href":"https:\/\/api.w.org\/{rel}","templated":true}]}}