{"id":962,"date":"2015-02-09T04:43:29","date_gmt":"2015-02-09T04:43:29","guid":{"rendered":"http:\/\/pacifik.gelidus.cz\/?page_id=962"},"modified":"2016-02-02T09:55:23","modified_gmt":"2016-02-02T08:55:23","slug":"serak","status":"publish","type":"page","link":"https:\/\/www.penzionpacifik.cz\/?page_id=962","title":{"rendered":"\u0160er\u00e1k"},"content":{"rendered":"<h3>\u0160er\u00e1k (1351 m)<\/h3>\n<p>Jde o v\u00fdznamn\u00fd horsk\u00fd vrchol le\u017e\u00edc\u00ed na h\u0159ebeni Hrub\u00e9ho Jesen\u00edku, kter\u00fd je sou\u010d\u00e1st\u00ed NPR \u0160er\u00e1k \u2013 Keprn\u00edk.<br \/>\nPod vrcholem stoj\u00ed od roku 1888 horsk\u00e1 Ji\u0159\u00edho chata a meteorologick\u00e1 stanice. Chata byla roku 1926 roz\u0161\u00ed\u0159ena.<br \/>\nNa vrchol dojedete seda\u010dkovou lanovou dr\u00e1hou z Ramzov\u00e9 s p\u0159estupn\u00ed stanic\u00ed \u010cer\u0148ava.<br \/>\n\u0160er\u00e1k nab\u00edz\u00ed v\u00fdhled na Jesenicko, Starom\u011bstsko, Kr\u00e1lick\u00fd Sn\u011b\u017en\u00edk a Rychlebsk\u00e9 hory.<br \/>\nKlimatick\u00e9 podm\u00ednky jsou na \u0160er\u00e1ku extr\u00e9mn\u00ed &#8211; pr\u016fm\u011brn\u00e1 ro\u010dn\u00ed teplota je 2,2\u00b0C a sn\u011bhov\u00e1 pokr\u00fdvka zde le\u017e\u00ed 180 dn\u00ed v roce.<\/p>\n<p>\u0160er\u00e1k je v\u00fdznamnou k\u0159i\u017eovatkou turistick\u00fdch cest. Z \u010cervenohorsk\u00e9ho sedla vede na \u0160er\u00e1k nau\u010dn\u00e1 stezka proch\u00e1zej\u00edc\u00ed p\u0159\u00edsn\u011b chr\u00e1n\u011bnou n\u00e1rodn\u00ed rezervac\u00ed \u0160er\u00e1k-Keprn\u00edk.<br \/>\nCel\u00fd \u00fasek kop\u00edruje p\u011b\u0161\u00ed turistickou \u010dervenou trasu, kter\u00e1 je sou\u010d\u00e1st\u00ed d\u00e1lkov\u00e9 mezin\u00e1rodn\u00ed trasy E3.<\/p>\n<p>&nbsp;<\/p>\n<p><a title=\"Trasy\" href=\"http:\/\/penzionpacifik.cz\/?page_id=955\">Zp\u011bt na trasy<\/a><\/p>\n","protected":false},"excerpt":{"rendered":"<p>\u0160er\u00e1k (1351 m) Jde o v\u00fdznamn\u00fd horsk\u00fd vrchol le\u017e\u00edc\u00ed na h\u0159ebeni Hrub\u00e9ho Jesen\u00edku, kter\u00fd je sou\u010d\u00e1st\u00ed NPR \u0160er\u00e1k \u2013 Keprn\u00edk. Pod vrcholem stoj\u00ed od roku 1888 horsk\u00e1 Ji\u0159\u00edho chata a meteorologick\u00e1 stanice. Chata byla roku 1926 roz\u0161\u00ed\u0159ena. Na vrchol dojedete seda\u010dkovou lanovou dr\u00e1hou z Ramzov\u00e9 s p\u0159estupn\u00ed stanic\u00ed \u010cer\u0148ava. \u0160er\u00e1k nab\u00edz\u00ed v\u00fdhled na Jesenicko, Starom\u011bstsko, Kr\u00e1lick\u00fd Sn\u011b\u017en\u00edk a Rychlebsk\u00e9 hory. Klimatick\u00e9 podm\u00ednky jsou na \u0160er\u00e1ku extr\u00e9mn\u00ed &#8211; pr\u016fm\u011brn\u00e1 ro\u010dn\u00ed teplota je 2,2\u00b0C a sn\u011bhov\u00e1 pokr\u00fdvka zde le\u017e\u00ed 180 dn\u00ed v roce. \u0160er\u00e1k je v\u00fdznamnou k\u0159i\u017eovatkou turistick\u00fdch cest. Z \u010cervenohorsk\u00e9ho sedla vede na \u0160er\u00e1k nau\u010dn\u00e1 stezka proch\u00e1zej\u00edc\u00ed p\u0159\u00edsn\u011b chr\u00e1n\u011bnou n\u00e1rodn\u00ed rezervac\u00ed \u0160er\u00e1k-Keprn\u00edk. Cel\u00fd \u00fasek kop\u00edruje p\u011b\u0161\u00ed turistickou \u010dervenou trasu, kter\u00e1 je sou\u010d\u00e1st\u00ed d\u00e1lkov\u00e9 mezin\u00e1rodn\u00ed trasy E3. &nbsp; Zp\u011bt na trasy<\/p>\n","protected":false},"author":1,"featured_media":0,"parent":955,"menu_order":0,"comment_status":"closed","ping_status":"closed","template":"","meta":{"footnotes":""},"class_list":["post-962","page","type-page","status-publish","hentry"],"_links":{"self":[{"href":"https:\/\/www.penzionpacifik.cz\/index.php?rest_route=\/wp\/v2\/pages\/962","targetHints":{"allow":["GET"]}}],"collection":[{"href":"https:\/\/www.penzionpacifik.cz\/index.php?rest_route=\/wp\/v2\/pages"}],"about":[{"href":"https:\/\/www.penzionpacifik.cz\/index.php?rest_route=\/wp\/v2\/types\/page"}],"author":[{"embeddable":true,"href":"https:\/\/www.penzionpacifik.cz\/index.php?rest_route=\/wp\/v2\/users\/1"}],"replies":[{"embeddable":true,"href":"https:\/\/www.penzionpacifik.cz\/index.php?rest_route=%2Fwp%2Fv2%2Fcomments&post=962"}],"version-history":[{"count":0,"href":"https:\/\/www.penzionpacifik.cz\/index.php?rest_route=\/wp\/v2\/pages\/962\/revisions"}],"up":[{"embeddable":true,"href":"https:\/\/www.penzionpacifik.cz\/index.php?rest_route=\/wp\/v2\/pages\/955"}],"wp:attachment":[{"href":"https:\/\/www.penzionpacifik.cz\/index.php?rest_route=%2Fwp%2Fv2%2Fmedia&parent=962"}],"curies":[{"name":"wp","href":"https:\/\/api.w.org\/{rel}","templated":true}]}}