{"id":959,"date":"2015-02-09T04:42:09","date_gmt":"2015-02-09T04:42:09","guid":{"rendered":"http:\/\/pacifik.gelidus.cz\/?page_id=959"},"modified":"2016-02-02T09:55:39","modified_gmt":"2016-02-02T08:55:39","slug":"obri-skaly","status":"publish","type":"page","link":"https:\/\/www.penzionpacifik.cz\/?page_id=959","title":{"rendered":"Ob\u0159\u00ed sk\u00e1ly"},"content":{"rendered":"<h3>Ob\u0159\u00ed sk\u00e1ly (1082m)<\/h3>\n<p>Se svou kr\u00e1snou vyhl\u00eddkou tvo\u0159\u00ed vedlej\u0161\u00ed vrchol \u0160er\u00e1ku.<br \/>\nNach\u00e1z\u00ed se na okraji NPR \u0160er\u00e1k\u2013Keprn\u00edk, pod nimi je mo\u017eno spat\u0159it Vra\u017eedn\u00fd potok.<br \/>\nZ\u00e1rove\u0148 nab\u00edz\u00ed v\u00fdhled na Smrk v Rychlebsk\u00fdch hor\u00e1ch a do \u00fadol\u00ed B\u011bl\u00e9.<br \/>\nSkaliska m\u011b\u0159\u00ed 10\u201316m a maj\u00ed typick\u00e9 znaky zv\u011btr\u00e1v\u00e1n\u00ed co\u017e z nich d\u011bl\u00e1 vyhled\u00e1van\u00e9 m\u00edsto horolezc\u016f.<br \/>\nKousek od skal naleznete d\u0159ev\u011bn\u00fd p\u0159\u00edst\u0159e\u0161ek.<br \/>\nNa Ob\u0159\u00ed sk\u00e1ly se dostanete po zelen\u00e9 turistick\u00e9 zna\u010dce z Ramzov\u00e9.<\/p>\n<p>&nbsp;<\/p>\n<p><a title=\"Trasy\" href=\"http:\/\/penzionpacifik.cz\/?page_id=955\">Zp\u011bt na trasy<\/a><\/p>\n","protected":false},"excerpt":{"rendered":"<p>Ob\u0159\u00ed sk\u00e1ly (1082m) Se svou kr\u00e1snou vyhl\u00eddkou tvo\u0159\u00ed vedlej\u0161\u00ed vrchol \u0160er\u00e1ku. Nach\u00e1z\u00ed se na okraji NPR \u0160er\u00e1k\u2013Keprn\u00edk, pod nimi je mo\u017eno spat\u0159it Vra\u017eedn\u00fd potok. Z\u00e1rove\u0148 nab\u00edz\u00ed v\u00fdhled na Smrk v Rychlebsk\u00fdch hor\u00e1ch a do \u00fadol\u00ed B\u011bl\u00e9. Skaliska m\u011b\u0159\u00ed 10\u201316m a maj\u00ed typick\u00e9 znaky zv\u011btr\u00e1v\u00e1n\u00ed co\u017e z nich d\u011bl\u00e1 vyhled\u00e1van\u00e9 m\u00edsto horolezc\u016f. Kousek od skal naleznete d\u0159ev\u011bn\u00fd p\u0159\u00edst\u0159e\u0161ek. Na Ob\u0159\u00ed sk\u00e1ly se dostanete po zelen\u00e9 turistick\u00e9 zna\u010dce z Ramzov\u00e9. &nbsp; Zp\u011bt na trasy<\/p>\n","protected":false},"author":1,"featured_media":0,"parent":955,"menu_order":0,"comment_status":"closed","ping_status":"closed","template":"","meta":{"footnotes":""},"class_list":["post-959","page","type-page","status-publish","hentry"],"_links":{"self":[{"href":"https:\/\/www.penzionpacifik.cz\/index.php?rest_route=\/wp\/v2\/pages\/959","targetHints":{"allow":["GET"]}}],"collection":[{"href":"https:\/\/www.penzionpacifik.cz\/index.php?rest_route=\/wp\/v2\/pages"}],"about":[{"href":"https:\/\/www.penzionpacifik.cz\/index.php?rest_route=\/wp\/v2\/types\/page"}],"author":[{"embeddable":true,"href":"https:\/\/www.penzionpacifik.cz\/index.php?rest_route=\/wp\/v2\/users\/1"}],"replies":[{"embeddable":true,"href":"https:\/\/www.penzionpacifik.cz\/index.php?rest_route=%2Fwp%2Fv2%2Fcomments&post=959"}],"version-history":[{"count":0,"href":"https:\/\/www.penzionpacifik.cz\/index.php?rest_route=\/wp\/v2\/pages\/959\/revisions"}],"up":[{"embeddable":true,"href":"https:\/\/www.penzionpacifik.cz\/index.php?rest_route=\/wp\/v2\/pages\/955"}],"wp:attachment":[{"href":"https:\/\/www.penzionpacifik.cz\/index.php?rest_route=%2Fwp%2Fv2%2Fmedia&parent=959"}],"curies":[{"name":"wp","href":"https:\/\/api.w.org\/{rel}","templated":true}]}}