{"id":957,"date":"2015-02-09T04:41:25","date_gmt":"2015-02-09T04:41:25","guid":{"rendered":"http:\/\/pacifik.gelidus.cz\/?page_id=957"},"modified":"2016-02-02T09:55:21","modified_gmt":"2016-02-02T08:55:21","slug":"ostruzna","status":"publish","type":"page","link":"https:\/\/www.penzionpacifik.cz\/?page_id=957","title":{"rendered":"Ostru\u017en\u00e1"},"content":{"rendered":"<h3>Ostru\u017en\u00e1<\/h3>\n<p>Obec byla zalo\u017eena v 16. stolet\u00ed kol\u0161tejnskou vrchnost\u00ed. Turistick\u00fd ruch na Ostru\u017en\u00e9 odstartoval zbudov\u00e1n\u00ed lanovek na \u0160er\u00e1k a Pet\u0159\u00edkov.<br \/>\nZaj\u00edmavost\u00ed Ostru\u017en\u00e9 je barokn\u00ed kostel sv. T\u0159\u00ed kr\u00e1l\u016f postaven\u00fd v roce 1794.<\/p>\n<p><a title=\"Trasy\" href=\"http:\/\/penzionpacifik.cz\/?page_id=955\">Zp\u011bt na trasy<\/a><\/p>\n","protected":false},"excerpt":{"rendered":"<p>Ostru\u017en\u00e1 Obec byla zalo\u017eena v 16. stolet\u00ed kol\u0161tejnskou vrchnost\u00ed. Turistick\u00fd ruch na Ostru\u017en\u00e9 odstartoval zbudov\u00e1n\u00ed lanovek na \u0160er\u00e1k a Pet\u0159\u00edkov. Zaj\u00edmavost\u00ed Ostru\u017en\u00e9 je barokn\u00ed kostel sv. T\u0159\u00ed kr\u00e1l\u016f postaven\u00fd v roce 1794. Zp\u011bt na trasy<\/p>\n","protected":false},"author":1,"featured_media":0,"parent":955,"menu_order":0,"comment_status":"closed","ping_status":"closed","template":"","meta":{"footnotes":""},"class_list":["post-957","page","type-page","status-publish","hentry"],"_links":{"self":[{"href":"https:\/\/www.penzionpacifik.cz\/index.php?rest_route=\/wp\/v2\/pages\/957","targetHints":{"allow":["GET"]}}],"collection":[{"href":"https:\/\/www.penzionpacifik.cz\/index.php?rest_route=\/wp\/v2\/pages"}],"about":[{"href":"https:\/\/www.penzionpacifik.cz\/index.php?rest_route=\/wp\/v2\/types\/page"}],"author":[{"embeddable":true,"href":"https:\/\/www.penzionpacifik.cz\/index.php?rest_route=\/wp\/v2\/users\/1"}],"replies":[{"embeddable":true,"href":"https:\/\/www.penzionpacifik.cz\/index.php?rest_route=%2Fwp%2Fv2%2Fcomments&post=957"}],"version-history":[{"count":0,"href":"https:\/\/www.penzionpacifik.cz\/index.php?rest_route=\/wp\/v2\/pages\/957\/revisions"}],"up":[{"embeddable":true,"href":"https:\/\/www.penzionpacifik.cz\/index.php?rest_route=\/wp\/v2\/pages\/955"}],"wp:attachment":[{"href":"https:\/\/www.penzionpacifik.cz\/index.php?rest_route=%2Fwp%2Fv2%2Fmedia&parent=957"}],"curies":[{"name":"wp","href":"https:\/\/api.w.org\/{rel}","templated":true}]}}