{"id":928,"date":"2015-02-08T11:53:44","date_gmt":"2015-02-08T11:53:44","guid":{"rendered":"http:\/\/pacifik.gelidus.cz\/?page_id=928"},"modified":"2016-02-02T09:48:53","modified_gmt":"2016-02-02T08:48:53","slug":"historie-sv-roch","status":"publish","type":"page","link":"https:\/\/www.penzionpacifik.cz\/?page_id=928","title":{"rendered":"Zdej\u0161\u00ed kaple a jej\u00ed patron sv.Roch"},"content":{"rendered":"<h1><strong>Legenda:<\/strong><\/h1>\n<p>Svat\u00fd Roch, narozen roku 1295, poch\u00e1zel ze z\u00e1mo\u017en\u00e9 rodiny,<br \/>\nz jihofrancouzsk\u00e9ho m\u011bsta Montpellier. Po smrti rodi\u010d\u016f rozdal sv\u016fj majetek chud\u00fdm a vypravil se<br \/>\np\u0159es Alpy jako prost\u00fd poutn\u00edk do \u0158\u00edma. Ji\u017e b\u011bhem sv\u00e9 cesty se setkal s morovou epidemi\u00ed.<br \/>\nV r\u016fzn\u00fdch \u0161pit\u00e1lech pom\u00e1hal asi t\u0159i roky\u00a0a legendy uv\u00e1d\u011bj\u00ed, \u017ee znamen\u00edm k\u0159\u00ed\u017ee uzdravoval nemocn\u00e9.<br \/>\nNakonec se v Piacenze s\u00e1m nakazil, a aby nebyl na obt\u00ed\u017e, ode\u0161el\u00a0do lesn\u00ed\u00a0chatr\u010de\u00a0na b\u0159ehu<br \/>\n\u0159eky Trebbie, kde se d\u00edky psovi z\u00e1zra\u010dn\u011b uzdravil.<br \/>\nPozd\u011bji se Roch od past\u00fd\u0159\u016f, kte\u0159\u00ed se k n\u011bmu b\u011bhem nemoci ob\u00e1vali p\u0159ibl\u00ed\u017eit, dozv\u011bd\u011bl, \u017ee ho pes<br \/>\npo celou dobu nemoci o\u0161et\u0159oval. Jazykem mu \u010distil r\u00e1ny,\u00a0v chladn\u00fdch noc\u00edch ho zah\u0159\u00edval t\u011blem,<br \/>\nhu\u0148at\u00fdm ko\u017eichem nas\u00e1kl\u00fdm vodou\u00a0z \u0159eky svla\u017eoval rty i hork\u00e9 \u010delo a v tlam\u011b mu nosil chleba<br \/>\nze dvora \u0161lechtice Gotharda.\u00a0Uzdraven\u00fd Roch se spolu se psem vr\u00e1til dom\u016f, kde se mezit\u00edm<br \/>\nrozpoutala ob\u010dansk\u00e1 v\u00e1lka.<br \/>\nNepokoje a zmatky spojen\u00e9 s v\u00e1lkou v\u0161ak zp\u016fsobily, \u017ee jej vlastn\u00ed str\u00fdc Vil\u00e9m nechal jako<br \/>\nnebezpe\u010dn\u00e9ho tul\u00e1ka a vyzv\u011bda\u010de ob\u017ealovat a zav\u0159\u00edt.<br \/>\nJeliko\u017e se Roch odm\u00edtl identifikovat jako \u0161lechtic, byl uvr\u017een spolu se sv\u00fdm psem do v\u011bzen\u00ed.<br \/>\nZde tr\u00e1vil \u010das modlitbami a pom\u00e1h\u00e1n\u00edm p\u0159\u00e1tel\u016fm-v\u011bz\u0148\u016fm, dokud\u00a0o p\u011bt let pozd\u011bji, ve 32 letech &#8211; nezem\u0159el.<br \/>\nKdy\u017e ve v\u011bzen\u00ed um\u00edral, prozradil p\u0159i posledn\u00edm pomaz\u00e1n\u00ed svou toto\u017enost. Ta byla pot\u00e9 prok\u00e1z\u00e1na<br \/>\nnejen d\u00edky dokladu, kter\u00fd m\u011bl v dr\u017een\u00ed, ale tak\u00e9 pro\u00a0v\u00fdrazn\u00e9 mate\u0159sk\u00e9 znam\u00e9nko\u00a0ve tvaru k\u0159\u00ed\u017ee<br \/>\nna hrudi.<\/p>\n<p><strong>Kult:<\/strong><br \/>\nV 15. stolet\u00ed byl svat\u00fd Roch ve velk\u00e9 oblib\u011b a byly mu, tak jako svat\u00e9mu \u0160ebesti\u00e1novi, adresov\u00e1ny p\u0159\u00edmluvy za uzdraven\u00ed nemocn\u00fdch p\u0159i morov\u00fdch epidemi\u00edch. Ostatky sv. Rocha byly roku 1485<br \/>\nulo\u017eeny v kostele San Rocco\u00a0v Ben\u00e1tk\u00e1ch. \u010c\u00e1st ostatk\u016f je uchov\u00e1na i v chr\u00e1mu sv. V\u00edta v Praze.<br \/>\nRochova popularita byla velk\u00e1 zejm\u00e9na v It\u00e1lii, Francii a N\u011bmecku. Jeho za\u0159azen\u00ed mezi svat\u00e9<br \/>\npotvrdil 100 let po jeho smrti pape\u017e Urban VIII. a jeho pam\u00e1tku stanovil na 16.srpen.<br \/>\nPape\u017eem Janem Pavlem II. byl prohl\u00e1\u0161en i za patrona automobilist\u016f.<\/p>\n<p><strong>Ikonografie:<\/strong><br \/>\nSvat\u00fd Roch b\u00fdv\u00e1 zn\u00e1zor\u0148ov\u00e1n jako mlad\u00fd zarostl\u00fd mu\u017e v poutnick\u00e9m od\u011bvu s \u0161irok\u00fdm kloboukem<br \/>\na hol\u00ed.<br \/>\nSv.Roch je zpodob\u0148ov\u00e1n s odhrnut\u00fdm od\u011bvem na noze, tak\u017ee jsou na stehn\u011b patrn\u00e9 praskaj\u00edc\u00ed<br \/>\nmorov\u00e9 v\u0159edy. Doprov\u00e1z\u00ed jej pes, kter\u00fd n\u011bkdy olizuje hnis\u00a0z v\u0159ed\u016f na noze, jindy je zn\u00e1zor\u0148ov\u00e1n<br \/>\ns chlebem v tlam\u011b.<br \/>\nNej\u010dast\u011bj\u0161\u00edm prot\u011bj\u0161kem svat\u00e9ho Rocha je svat\u00fd \u0160ebesti\u00e1n.<\/p>\n","protected":false},"excerpt":{"rendered":"<p>Legenda: Svat\u00fd Roch, narozen roku 1295, poch\u00e1zel ze z\u00e1mo\u017en\u00e9 rodiny, z jihofrancouzsk\u00e9ho m\u011bsta Montpellier. Po smrti rodi\u010d\u016f rozdal sv\u016fj majetek chud\u00fdm a vypravil se p\u0159es Alpy jako prost\u00fd poutn\u00edk do \u0158\u00edma. Ji\u017e b\u011bhem sv\u00e9 cesty se setkal s morovou epidemi\u00ed. V r\u016fzn\u00fdch \u0161pit\u00e1lech pom\u00e1hal asi t\u0159i roky\u00a0a legendy uv\u00e1d\u011bj\u00ed, \u017ee znamen\u00edm k\u0159\u00ed\u017ee uzdravoval nemocn\u00e9. Nakonec se v Piacenze s\u00e1m nakazil, a aby nebyl na obt\u00ed\u017e, ode\u0161el\u00a0do lesn\u00ed\u00a0chatr\u010de\u00a0na b\u0159ehu \u0159eky Trebbie, kde se d\u00edky psovi z\u00e1zra\u010dn\u011b uzdravil. Pozd\u011bji se Roch od past\u00fd\u0159\u016f, kte\u0159\u00ed se k n\u011bmu b\u011bhem nemoci ob\u00e1vali p\u0159ibl\u00ed\u017eit, dozv\u011bd\u011bl, \u017ee ho pes po celou dobu nemoci o\u0161et\u0159oval. Jazykem mu \u010distil r\u00e1ny,\u00a0v chladn\u00fdch noc\u00edch ho zah\u0159\u00edval t\u011blem, hu\u0148at\u00fdm ko\u017eichem nas\u00e1kl\u00fdm vodou\u00a0z \u0159eky svla\u017eoval rty i hork\u00e9 \u010delo a v tlam\u011b mu nosil chleba ze dvora \u0161lechtice Gotharda.\u00a0Uzdraven\u00fd Roch se spolu se psem vr\u00e1til dom\u016f, kde se mezit\u00edm rozpoutala ob\u010dansk\u00e1 v\u00e1lka. Nepokoje a zmatky spojen\u00e9 s v\u00e1lkou v\u0161ak zp\u016fsobily, \u017ee jej vlastn\u00ed str\u00fdc Vil\u00e9m nechal jako nebezpe\u010dn\u00e9ho tul\u00e1ka a vyzv\u011bda\u010de ob\u017ealovat a zav\u0159\u00edt. Jeliko\u017e se Roch odm\u00edtl identifikovat jako \u0161lechtic, byl uvr\u017een spolu se sv\u00fdm psem do v\u011bzen\u00ed. Zde tr\u00e1vil \u010das modlitbami a pom\u00e1h\u00e1n\u00edm p\u0159\u00e1tel\u016fm-v\u011bz\u0148\u016fm, dokud\u00a0o p\u011bt let pozd\u011bji, ve 32 letech &#8211; nezem\u0159el. Kdy\u017e ve v\u011bzen\u00ed um\u00edral, prozradil p\u0159i posledn\u00edm <a class=\"more-link\" href=\"https:\/\/www.penzionpacifik.cz\/?page_id=928\">Continue Reading \u2192<\/a><\/p>\n","protected":false},"author":1,"featured_media":0,"parent":0,"menu_order":0,"comment_status":"closed","ping_status":"closed","template":"","meta":{"footnotes":""},"class_list":["post-928","page","type-page","status-publish","hentry"],"_links":{"self":[{"href":"https:\/\/www.penzionpacifik.cz\/index.php?rest_route=\/wp\/v2\/pages\/928","targetHints":{"allow":["GET"]}}],"collection":[{"href":"https:\/\/www.penzionpacifik.cz\/index.php?rest_route=\/wp\/v2\/pages"}],"about":[{"href":"https:\/\/www.penzionpacifik.cz\/index.php?rest_route=\/wp\/v2\/types\/page"}],"author":[{"embeddable":true,"href":"https:\/\/www.penzionpacifik.cz\/index.php?rest_route=\/wp\/v2\/users\/1"}],"replies":[{"embeddable":true,"href":"https:\/\/www.penzionpacifik.cz\/index.php?rest_route=%2Fwp%2Fv2%2Fcomments&post=928"}],"version-history":[{"count":0,"href":"https:\/\/www.penzionpacifik.cz\/index.php?rest_route=\/wp\/v2\/pages\/928\/revisions"}],"wp:attachment":[{"href":"https:\/\/www.penzionpacifik.cz\/index.php?rest_route=%2Fwp%2Fv2%2Fmedia&parent=928"}],"curies":[{"name":"wp","href":"https:\/\/api.w.org\/{rel}","templated":true}]}}