{"id":922,"date":"2015-02-08T11:51:28","date_gmt":"2015-02-08T11:51:28","guid":{"rendered":"http:\/\/pacifik.gelidus.cz\/?page_id=922"},"modified":"2022-11-14T09:46:32","modified_gmt":"2022-11-14T08:46:32","slug":"spratelene-weby","status":"publish","type":"page","link":"https:\/\/www.penzionpacifik.cz\/?page_id=922","title":{"rendered":"Turistick\u00e9 c\u00edle"},"content":{"rendered":"<h2>L\u00c9TO<\/h2>\n<p>Jeskyn\u011b<\/p>\n<ul>\n<li><a href=\"https:\/\/www.caves.cz\/jeskyne\/jeskyne-na-pomezi\">Jeskyn\u011b Na Pomez\u00ed (11 km)<\/a><\/li>\n<li><a href=\"https:\/\/www.caves.cz\/jeskyne\/jeskyne-na-spicaku\">Jeskyn\u011b Na \u0160pi\u010d\u00e1ku (23 km)<\/a><\/li>\n<\/ul>\n<p>Muzea a galerie<\/p>\n<ul>\n<li><a href=\"http:\/\/www.pivovarskemuzeum.cz\/\">Pivovarsk\u00e9 muzeum Holba Hanu\u0161ovice (19 km)<\/a><\/li>\n<li><a href=\"https:\/\/pradedovagalerie.cz\/\">Prad\u011bdova galerie \u2013 Ji\u0159\u00edkov (65 km)<\/a><\/li>\n<li><a href=\"https:\/\/www.rpvl.cz\/cz\/\">Ru\u010dn\u00ed pap\u00edrna Velk\u00e9 Losiny (25 km)<\/a><\/li>\n<li><a href=\"https:\/\/www.muzeumjesenik.cz\/\">Vlastiv\u011bdn\u00e9 muzeum a muzeum Vincenze Priessnitze (13 km)<\/a><\/li>\n<li><a href=\"https:\/\/zlatehory.cz\/hornicky-skanzen-zlatorudne-mlyny\/d-305555\/p1=36170\">Zlatokopeck\u00fd skanzen, zlatorudn\u00e9 ml\u00fdny, hornick\u00e1 osada (34 km)<\/a><\/li>\n<\/ul>\n<p>Rozhledny<\/p>\n<ul>\n<li><a href=\"http:\/\/www.boruvkovahora.websnadno.cz\/\">Bor\u016fvkov\u00e1 hora (38 km)<\/a><\/li>\n<li><a href=\"http:\/\/www.rozhlednabiskupskakupa.cz\/\">Rozhledna Biskupsk\u00e1 kupa (38 km)<\/a><\/li>\n<li><a href=\"http:\/\/www.jeseniky.net\/rozhledna-zlaty-chlum\">Rozhledna Zlat\u00fd chlum (13 km)<\/a><\/li>\n<\/ul>\n<p>Z\u00e1mky<\/p>\n<ul>\n<li><a href=\"https:\/\/www.zamek-janskyvrch.cz\/\">Z\u00e1mek J\u00e1nsk\u00fd vrch (33 km)<\/a><\/li>\n<li><a href=\"https:\/\/www.zamek-velkelosiny.cz\/\">Z\u00e1mek Velk\u00e9 Losiny (25 km)<\/a><\/li>\n<\/ul>\n<p>Ostatn\u00ed zaj\u00edmavosti<\/p>\n<ul>\n<li><a href=\"http:\/\/www.lesnibar.cz\/\">Lesn\u00ed bar (7 km)<\/a><\/li>\n<li><a href=\"http:\/\/www.skanzen-rapotin.unas.cz\/\">Mal\u00e1 ZOO a ZOO Park Rapot\u00edn (29 km)<\/a><\/li>\n<li><a href=\"http:\/\/www.praded-info.cz\/\">Prad\u011bd (43 km)<\/a><\/li>\n<li><a href=\"https:\/\/www.dlouhe-strane.cz\/\">P\u0159e\u010derp\u00e1vac\u00ed vodn\u00ed elektr\u00e1rna Dlouh\u00e9 str\u00e1n\u011b (29 km)<\/a><\/li>\n<li><a href=\"http:\/\/www.bobrovnik.cz\/rybolov-cz.html\">Ryba\u0159en\u00ed Bobrovn\u00edk<\/a><\/li>\n<li><a href=\"http:\/\/www.dolnimorava.cz\/stezka-v-oblacich\/\" target=\"_blank\" rel=\"noopener\">Doln\u00ed Morava &#8211; Stezka v oblac\u00edch<\/a><\/li>\n<li><a href=\"http:\/\/www.termaly-losiny.cz\/\" target=\"_blank\" rel=\"noopener\">Term\u00e1ly Velk\u00e9 Losiny<\/a><\/li>\n<li><a href=\"http:\/\/rychleby.cz\/index.php?id=lomy.html\" target=\"_blank\" rel=\"noopener\">Rychlebsk\u00e9 lomy<\/a><\/li>\n<\/ul>\n<p>&nbsp;<\/p>\n<h2>ZIMA<\/h2>\n<p>Ly\u017ea\u0159sk\u00e1 st\u0159ediska<\/p>\n<ul>\n<li>Ramzov\u00e1 (0,5 km)\n<ul>\n<li><a href=\"http:\/\/www.bonera.cz\/\">http:\/\/www.bonera.cz\/<\/a><\/li>\n<li><a href=\"http:\/\/www.ramzovar3.cz\/\">http:\/\/www.ramzovar3.cz\/<\/a><\/li>\n<\/ul>\n<\/li>\n<li><a href=\"http:\/\/www.skipetrikov.cz\/\">Pet\u0159\u00edkov (3,5 km)<\/a><\/li>\n<li>Ostru\u017en\u00e1 (3 km)<\/li>\n<li>Brann\u00e1 (6 km)<\/li>\n<li><a href=\"http:\/\/www.skipark-filipovice.cz\/lyzovani-jeseniky\/\">Filipovice (21 km)<\/a><\/li>\n<li>Lipov\u00e1-l\u00e1zn\u011b (6 km)\n<ul>\n<li><a href=\"http:\/\/www.lazenskyvrch.cz\/\">http:\/\/www.lazenskyvrch.cz\/<\/a><\/li>\n<li><a href=\"http:\/\/www.rsmiroslav.cz\/areal-miroslav\/\">http:\/\/www.rsmiroslav.cz\/areal-miroslav\/<\/a><\/li>\n<\/ul>\n<\/li>\n<li>Zlat\u00e9 Hory (34 km)<\/li>\n<li><a href=\"https:\/\/www.kouty.cz\/\">Kouty nad Desnou (24 km)<\/a><\/li>\n<\/ul>\n<p>&nbsp;<\/p>\n<h2>B\u011b\u017eeck\u00e9 trasy<\/h2>\n<ul>\n<li>Ramzov\u00e1 \u2013 \u010cervenohorsk\u00e9 sedlo\n<ul>\n<li>D\u00e9lka: 14,5 km<\/li>\n<li>N\u00e1ro\u010dnost: st\u0159edn\u00ed<\/li>\n<li>P\u0159ev\u00fd\u0161en\u00ed: 696 m<\/li>\n<\/ul>\n<\/li>\n<li>Jesenick\u00e1 magistr\u00e1la: Ramzov\u00e1 \u2013 \u010cervenohorsk\u00e9 sedlo \u2013 \u0160v\u00fdc\u00e1rna \u2013 Prad\u011bd \u2013 Petrovy kameny \u2013 Hv\u011bzda \u2013 \u0160umperk\n<ul>\n<li>D\u00e9lka: 55 km<\/li>\n<li>N\u00e1ro\u010dnost: obt\u00ed\u017en\u00e1<\/li>\n<li>P\u0159ev\u00fd\u0161en\u00ed: 1087 m<\/li>\n<\/ul>\n<\/li>\n<li>Ramzov\u00e1 \u2013 Pet\u0159\u00edkov \u2013 Paprsek\n<ul>\n<li>D\u00e9lka: 7 km<\/li>\n<li>N\u00e1ro\u010dnost: st\u0159edn\u00ed<\/li>\n<\/ul>\n<\/li>\n<\/ul>\n","protected":false},"excerpt":{"rendered":"<p>L\u00c9TO Jeskyn\u011b Jeskyn\u011b Na Pomez\u00ed (11 km) Jeskyn\u011b Na \u0160pi\u010d\u00e1ku (23 km) Muzea a galerie Pivovarsk\u00e9 muzeum Holba Hanu\u0161ovice (19 km) Prad\u011bdova galerie \u2013 Ji\u0159\u00edkov (65 km) Ru\u010dn\u00ed pap\u00edrna Velk\u00e9 Losiny (25 km) Vlastiv\u011bdn\u00e9 muzeum a muzeum Vincenze Priessnitze (13 km) Zlatokopeck\u00fd skanzen, zlatorudn\u00e9 ml\u00fdny, hornick\u00e1 osada (34 km) Rozhledny Bor\u016fvkov\u00e1 hora (38 km) Rozhledna Biskupsk\u00e1 kupa (38 km) Rozhledna Zlat\u00fd chlum (13 km) Z\u00e1mky Z\u00e1mek J\u00e1nsk\u00fd vrch (33 km) Z\u00e1mek Velk\u00e9 Losiny (25 km) Ostatn\u00ed zaj\u00edmavosti Lesn\u00ed bar (7 km) Mal\u00e1 ZOO a ZOO Park Rapot\u00edn (29 km) Prad\u011bd (43 km) P\u0159e\u010derp\u00e1vac\u00ed vodn\u00ed elektr\u00e1rna Dlouh\u00e9 str\u00e1n\u011b (29 km) Ryba\u0159en\u00ed Bobrovn\u00edk Doln\u00ed Morava &#8211; Stezka v oblac\u00edch Term\u00e1ly Velk\u00e9 Losiny Rychlebsk\u00e9 lomy &nbsp; ZIMA Ly\u017ea\u0159sk\u00e1 st\u0159ediska Ramzov\u00e1 (0,5 km) http:\/\/www.bonera.cz\/ http:\/\/www.ramzovar3.cz\/ Pet\u0159\u00edkov (3,5 km) Ostru\u017en\u00e1 (3 km) Brann\u00e1 (6 km) Filipovice (21 km) Lipov\u00e1-l\u00e1zn\u011b (6 km) http:\/\/www.lazenskyvrch.cz\/ http:\/\/www.rsmiroslav.cz\/areal-miroslav\/ Zlat\u00e9 Hory (34 km) Kouty nad Desnou (24 km) &nbsp; B\u011b\u017eeck\u00e9 trasy Ramzov\u00e1 \u2013 \u010cervenohorsk\u00e9 sedlo D\u00e9lka: 14,5 km N\u00e1ro\u010dnost: st\u0159edn\u00ed P\u0159ev\u00fd\u0161en\u00ed: 696 m Jesenick\u00e1 magistr\u00e1la: Ramzov\u00e1 \u2013 \u010cervenohorsk\u00e9 sedlo \u2013 \u0160v\u00fdc\u00e1rna \u2013 Prad\u011bd \u2013 Petrovy kameny \u2013 Hv\u011bzda \u2013 \u0160umperk D\u00e9lka: 55 km N\u00e1ro\u010dnost: obt\u00ed\u017en\u00e1 P\u0159ev\u00fd\u0161en\u00ed: 1087 m Ramzov\u00e1 \u2013 Pet\u0159\u00edkov \u2013 Paprsek D\u00e9lka: 7 km N\u00e1ro\u010dnost: st\u0159edn\u00ed<\/p>\n","protected":false},"author":3,"featured_media":0,"parent":0,"menu_order":0,"comment_status":"closed","ping_status":"closed","template":"","meta":{"footnotes":""},"class_list":["post-922","page","type-page","status-publish","hentry"],"_links":{"self":[{"href":"https:\/\/www.penzionpacifik.cz\/index.php?rest_route=\/wp\/v2\/pages\/922","targetHints":{"allow":["GET"]}}],"collection":[{"href":"https:\/\/www.penzionpacifik.cz\/index.php?rest_route=\/wp\/v2\/pages"}],"about":[{"href":"https:\/\/www.penzionpacifik.cz\/index.php?rest_route=\/wp\/v2\/types\/page"}],"author":[{"embeddable":true,"href":"https:\/\/www.penzionpacifik.cz\/index.php?rest_route=\/wp\/v2\/users\/3"}],"replies":[{"embeddable":true,"href":"https:\/\/www.penzionpacifik.cz\/index.php?rest_route=%2Fwp%2Fv2%2Fcomments&post=922"}],"version-history":[{"count":2,"href":"https:\/\/www.penzionpacifik.cz\/index.php?rest_route=\/wp\/v2\/pages\/922\/revisions"}],"predecessor-version":[{"id":10840,"href":"https:\/\/www.penzionpacifik.cz\/index.php?rest_route=\/wp\/v2\/pages\/922\/revisions\/10840"}],"wp:attachment":[{"href":"https:\/\/www.penzionpacifik.cz\/index.php?rest_route=%2Fwp%2Fv2%2Fmedia&parent=922"}],"curies":[{"name":"wp","href":"https:\/\/api.w.org\/{rel}","templated":true}]}}