{"id":920,"date":"2015-02-08T11:49:43","date_gmt":"2015-02-08T11:49:43","guid":{"rendered":"http:\/\/pacifik.gelidus.cz\/?page_id=920"},"modified":"2016-07-13T21:51:56","modified_gmt":"2016-07-13T20:51:56","slug":"paserak-pribeh","status":"publish","type":"page","link":"https:\/\/www.penzionpacifik.cz\/?page_id=920","title":{"rendered":"D\u00e1vn\u00e1 l\u00e1ska pod \u0160er\u00e1kem"},"content":{"rendered":"<p><span style=\"color: #003300; font-size: 14pt;\"><strong>Kdy\u017e ve\u010der lesy utichnou a sny si najdou n\u00e1s, <\/strong><\/span><\/p>\n<p><span style=\"color: #003300; font-size: 14pt;\"><strong>v ramzovsk\u00fdch les\u00edch hlubok\u00fdch se toul\u00e1 pa\u0160ER\u00c1K&#8230;<\/strong><\/span><\/p>\n<p><a href=\"http:\/\/penzionpacifik.cz\/wp-content\/uploads\/2015\/02\/rocker_rebel.png\" data-rel=\"lightbox-gallery-wxCxM1XN\" data-rl_title=\"\" data-rl_caption=\"\" title=\"\"><img loading=\"lazy\" decoding=\"async\" class=\"wp-image-1362 aligncenter\" src=\"http:\/\/penzionpacifik.cz\/wp-content\/uploads\/2015\/02\/rocker_rebel.png\" alt=\"rocker_rebel\" width=\"102\" height=\"132\" \/><\/a><\/p>\n<p><span style=\"color: #0f4506;\">Nikdo nev\u00ed, odkud p\u0159ich\u00e1z\u00ed, kdy n\u00e1\u0161 penzion obch\u00e1z\u00ed, zda post\u00e1v\u00e1 t\u0159eba jen chv\u00edli opod\u00e1l<br \/>\nnebo nezpozorov\u00e1n miz\u00ed v d\u00e1l&#8230;. Mo\u017en\u00e1 tajn\u011b nahl\u00ed\u017e\u00ed\u00a0do b\u00fdval\u00e9 \u0161koly, mo\u017en\u00e1 se i schov\u00e1v\u00e1<\/span><br \/>\n<span style=\"color: #0f4506;\"> v n\u011bjak\u00e9m\u00a0z\u00e1kout\u00ed nebo tajn\u011b p\u0159eb\u00fdv\u00e1 ve sklepen\u00ed penzionu.<\/span><\/p>\n<p><span style=\"color: #0f4506;\">Dodnes z\u016fst\u00e1v\u00e1 z\u00e1hadou i jeho p\u016fvod. Nikdo v okol\u00ed ho nezn\u00e1, ale pam\u011btn\u00edci tvrd\u00ed, \u017ee jde<\/span><br \/>\n<span style=\"color: #0f4506;\"> s nejv\u011bt\u0161\u00ed pravd\u011bpodobnost\u00ed o ducha ztracen\u00e9 l\u00e1sky b\u00fdval\u00e9 u\u010ditelky zdej\u0161\u00ed \u0161koly.<\/span><br \/>\n<span style=\"color: #0f4506;\"> Jist\u00e9 je jen to, \u017ee se jinde ne\u017e kolem penzionu Pacifik neobjevuje.<\/span><\/p>\n<p><span style=\"color: #0f4506;\">Zda m\u00e1 pa\u0160ER\u00c1K n\u011bjak\u00e9 zvl\u00e1\u0161tn\u00ed schopnosti, to s ur\u010ditost\u00ed nev\u00edme&#8230;<\/span><br \/>\n<span style=\"color: #0f4506;\"> Ale jeho l\u00e1skypln\u00e9, vytrval\u00e9,\u00a0v\u011brn\u00e9\u00a0a n\u011b\u017en\u00e9 toul\u00e1n\u00ed m\u00e1 na na\u0161e\u00a0hosty patrn\u011b nemal\u00fd vliv.<\/span><br \/>\n<span style=\"color: #0f4506;\"> Ka\u017ed\u00fd, kdo\u00a0om\u00e1men zdej\u0161\u00edm sv\u011b\u017e\u00edm horsk\u00fdm vzduchem, vy\u010derp\u00e1n\u00a0celodenn\u00ed t\u00farou, zmo\u017een<\/span><br \/>\n<span style=\"color: #0f4506;\"> sladkou \u00fanavou a pak v hloubi sv\u00e9ho snu zasa\u017een by\u0165 jen st\u00ednem ducha pa\u0160ER\u00c1KA, zan\u00edcen\u011b tvrd\u00ed,<\/span><br \/>\n<span style=\"color: #0f4506;\"> \u017ee tak dob\u0159e jako tady &#8211; se je\u0161t\u011b nikdy a nikde nevyspal&#8230;<\/span><\/p>\n<p>&nbsp;<\/p>\n<p>&nbsp;<\/p>\n<p>&nbsp;<\/p>\n<p>&nbsp;<\/p>\n<p>&nbsp;<\/p>\n<p>&nbsp;<\/p>\n<p>&nbsp;<\/p>\n","protected":false},"excerpt":{"rendered":"<p>Kdy\u017e ve\u010der lesy utichnou a sny si najdou n\u00e1s, v ramzovsk\u00fdch les\u00edch hlubok\u00fdch se toul\u00e1 pa\u0160ER\u00c1K&#8230; Nikdo nev\u00ed, odkud p\u0159ich\u00e1z\u00ed, kdy n\u00e1\u0161 penzion obch\u00e1z\u00ed, zda post\u00e1v\u00e1 t\u0159eba jen chv\u00edli opod\u00e1l nebo nezpozorov\u00e1n miz\u00ed v d\u00e1l&#8230;. Mo\u017en\u00e1 tajn\u011b nahl\u00ed\u017e\u00ed\u00a0do b\u00fdval\u00e9 \u0161koly, mo\u017en\u00e1 se i schov\u00e1v\u00e1 v n\u011bjak\u00e9m\u00a0z\u00e1kout\u00ed nebo tajn\u011b p\u0159eb\u00fdv\u00e1 ve sklepen\u00ed penzionu. Dodnes z\u016fst\u00e1v\u00e1 z\u00e1hadou i jeho p\u016fvod. Nikdo v okol\u00ed ho nezn\u00e1, ale pam\u011btn\u00edci tvrd\u00ed, \u017ee jde s nejv\u011bt\u0161\u00ed pravd\u011bpodobnost\u00ed o ducha ztracen\u00e9 l\u00e1sky b\u00fdval\u00e9 u\u010ditelky zdej\u0161\u00ed \u0161koly. Jist\u00e9 je jen to, \u017ee se jinde ne\u017e kolem penzionu Pacifik neobjevuje. Zda m\u00e1 pa\u0160ER\u00c1K n\u011bjak\u00e9 zvl\u00e1\u0161tn\u00ed schopnosti, to s ur\u010ditost\u00ed nev\u00edme&#8230; Ale jeho l\u00e1skypln\u00e9, vytrval\u00e9,\u00a0v\u011brn\u00e9\u00a0a n\u011b\u017en\u00e9 toul\u00e1n\u00ed m\u00e1 na na\u0161e\u00a0hosty patrn\u011b nemal\u00fd vliv. Ka\u017ed\u00fd, kdo\u00a0om\u00e1men zdej\u0161\u00edm sv\u011b\u017e\u00edm horsk\u00fdm vzduchem, vy\u010derp\u00e1n\u00a0celodenn\u00ed t\u00farou, zmo\u017een sladkou \u00fanavou a pak v hloubi sv\u00e9ho snu zasa\u017een by\u0165 jen st\u00ednem ducha pa\u0160ER\u00c1KA, zan\u00edcen\u011b tvrd\u00ed, \u017ee tak dob\u0159e jako tady &#8211; se je\u0161t\u011b nikdy a nikde nevyspal&#8230; &nbsp; &nbsp; &nbsp; &nbsp; &nbsp; &nbsp; &nbsp;<\/p>\n","protected":false},"author":3,"featured_media":0,"parent":0,"menu_order":0,"comment_status":"closed","ping_status":"closed","template":"","meta":{"footnotes":""},"class_list":["post-920","page","type-page","status-publish","hentry"],"_links":{"self":[{"href":"https:\/\/www.penzionpacifik.cz\/index.php?rest_route=\/wp\/v2\/pages\/920","targetHints":{"allow":["GET"]}}],"collection":[{"href":"https:\/\/www.penzionpacifik.cz\/index.php?rest_route=\/wp\/v2\/pages"}],"about":[{"href":"https:\/\/www.penzionpacifik.cz\/index.php?rest_route=\/wp\/v2\/types\/page"}],"author":[{"embeddable":true,"href":"https:\/\/www.penzionpacifik.cz\/index.php?rest_route=\/wp\/v2\/users\/3"}],"replies":[{"embeddable":true,"href":"https:\/\/www.penzionpacifik.cz\/index.php?rest_route=%2Fwp%2Fv2%2Fcomments&post=920"}],"version-history":[{"count":0,"href":"https:\/\/www.penzionpacifik.cz\/index.php?rest_route=\/wp\/v2\/pages\/920\/revisions"}],"wp:attachment":[{"href":"https:\/\/www.penzionpacifik.cz\/index.php?rest_route=%2Fwp%2Fv2%2Fmedia&parent=920"}],"curies":[{"name":"wp","href":"https:\/\/api.w.org\/{rel}","templated":true}]}}