{"id":9,"date":"2015-02-08T08:39:35","date_gmt":"2015-02-08T08:39:35","guid":{"rendered":"http:\/\/pacifik.gelidus.cz\/?page_id=9"},"modified":"2026-01-01T17:20:17","modified_gmt":"2026-01-01T16:20:17","slug":"cenik","status":"publish","type":"page","link":"https:\/\/www.penzionpacifik.cz\/?page_id=9","title":{"rendered":"CEN\u00cdK"},"content":{"rendered":"<p><strong><span style=\"font-size: 18pt;\"><span style=\"color: #0f22b8;\"><span style=\"font-size: 24pt;\">Cen\u00edk pobyt\u016f pro rok<\/span>\u00a0 <\/span>\u00a0<span style=\"font-size: 24pt;\"><span style=\"color: #99cc00;\"><span style=\"color: #3366ff;\"><span style=\"font-size: 36pt;\">2026 :\u00a0<\/span><\/span><br \/>\n<\/span><\/span><\/span><\/strong><\/p>\n<p><span style=\"color: #808000; font-size: 14pt;\"><strong>\u00a0 \u00a0 \u00a0 \u00a0 \u00a0 \u00a0 <span style=\"color: #993366;\">\u00a0<span style=\"color: #0f22b8;\">TERM\u00cdNY\u00a0 \u00a0 \u00a0 \u00a0 \u00a0 \u00a0 \u00a0 \u00a0 \u00a0 \u00a0 \u00a0 \u00a0 \u00a0 \u00a0 \u00a0 \u00a0 \u00a0 \u00a0 \u00a0 \u00a0 \u00a0l\u016f\u017eko \/ p\u0159ist\u00fdlka\u00a0 (K\u010d)<\/span><\/span><\/strong><\/span><\/p>\n<p><span style=\"color: #000080;\"><strong>\u00a0 \u00a0<span style=\"font-size: 14pt; color: #993366;\">\u00a0<span style=\"color: #0f22b8;\"> 4. 1.\u00a0 \u00a0 \u00a0 \u00a0 \u2013\u00a0 \u00a0 \u00a0 \u00a0 29. 3. 2026<\/span><\/span><\/strong><\/span><span style=\"font-size: 14pt;\"><strong><span style=\"color: #085757;\"><span style=\"color: #0f22b8;\">\u00a0<\/span> \u00a0\u00a0<\/span>\u00a0 \u00a0 \u00a0 \u00a0 \u00a0 \u00a0 \u00a0 \u00a0 \u00a0 \u00a0 \u00a0 \u00a0<span style=\"color: #a11616;\">\u00a0 \u00a0 \u00a0 \u00a0<span style=\"color: #993366;\">600 \/ 550<\/span><\/span><\/strong><\/span><\/p>\n<p><span style=\"font-size: 14pt;\"><strong>\u00a0 <span style=\"color: #0f22b8;\">\u00a0 29.3.\u00a0 \u00a0 \u00a0 \u00a0\u2013\u00a0 \u00a0 \u00a0 \u00a020. 12. 2026\u00a0 \u00a0<\/span> \u00a0 \u00a0 \u00a0 \u00a0 \u00a0 \u00a0 \u00a0 \u00a0 \u00a0 \u00a0 \u00a0 \u00a0 \u00a0 \u00a0 \u00a0<span style=\"color: #993366;\">550<\/span><\/strong><span style=\"color: #993366;\"><strong> \/ 500<\/strong><\/span><\/span><\/p>\n<p><span style=\"font-size: 14pt;\"><strong>\u00a0 \u00a0 <span style=\"color: #0f22b8;\">20. 12.\u00a0 \u00a0 \u00a0 \u00a0\u2013\u00a0 \u00a0 \u00a0 \u00a0 3.\u00a0 1. 2027\u00a0 \u00a0 <\/span>\u00a0 \u00a0 \u00a0 \u00a0 \u00a0 \u00a0 \u00a0 \u00a0 \u00a0 \u00a0 \u00a0 \u00a0 \u00a0 \u00a0 <\/strong><span style=\"color: #993366;\"><strong>700 \/ 650<\/strong><\/span><\/span><\/p>\n<p>&nbsp;<\/p>\n<p><span style=\"color: #085757;\"><span style=\"font-size: 18.6667px; color: #333399;\"><span style=\"font-size: 12pt;\"><strong>K c<\/strong><\/span><\/span><span style=\"font-size: 14pt;\"><strong><span style=\"color: #333399;\"><span style=\"font-size: 12pt;\">elkov\u00e9 \u010d\u00e1stce za pobyt bude p\u0159ipo\u010d\u00edt\u00e1n <span style=\"font-size: 14pt;\">jednor\u00e1zov\u00fd poplatek za pr\u00e1dlo<\/span> <\/span>&#8230;<\/span> <span style=\"font-size: 18pt; color: #85144c;\">10<\/span><\/strong><\/span><span style=\"color: #85144c;\"><strong style=\"font-size: 18.6667px;\"><span style=\"font-size: 18pt;\">0 <\/span><\/strong><strong style=\"font-size: 14pt;\"><span style=\"font-size: 18pt;\">K\u010d\/os.<\/span><\/strong><\/span><\/span><\/p>\n<p><strong><span style=\"color: #333399;\">P\u0158\u00cdPLATEK ZA UBYTOV\u00c1N\u00cd pouze NA <span style=\"font-size: 18pt;\">1<\/span> NOC \u00a0 \u00a0<\/span><span style=\"color: #85144c;\"><span style=\"color: #333399;\">&#8230;\u00a0 \u00a0<\/span> <span style=\"font-size: 18pt;\">100 K\u010d\/ l\u016f\u017eko \u010di p\u0159ist\u00fdlka<\/span><\/span><\/strong><\/p>\n<p><span style=\"color: #333333;\"><span style=\"color: #333399;\"><strong>P\u0158\u00cdPLATEK ZA\u00a0APARTM\u00c1N<\/strong> \u00a0 <\/span><span style=\"color: #ff6600;\"><span style=\"color: #085757;\"><span style=\"color: #333399;\">&#8230;<\/span> \u00a0<\/span><span style=\"font-size: 18pt; color: #85144c;\"> <strong>250 K\u010d\/noc<\/strong> \u00a0<\/span><\/span><\/span><\/p>\n<p>&nbsp;<\/p>\n<p><span style=\"color: #800000;\"><span style=\"color: #85144c; font-size: 14pt;\"><strong>PRO JE\u0160T\u011a NECHOD\u00cdC\u00cd D\u011aTI<\/strong><\/span> \u00a0<\/span><span style=\"color: #333399;\"><strong>je k dispozici jedna skl\u00e1dac\u00ed post\u00fdlka s kompletn\u00ed v\u00fdbavou.<\/strong><\/span><br \/>\n<span style=\"color: #333399;\"><strong>Zap\u016fj\u010den\u00ed nutno domluvit p\u0159edem!<\/strong><\/span><br \/>\n<span style=\"color: #008080;\"><strong><span style=\"color: #333399;\">Cena:<\/span>\u00a0 <\/strong><\/span><span style=\"color: #a31515;\"><strong>\u00a0<span style=\"font-size: 14pt; color: #85144c;\">100 K\u010d\/noc<\/span><\/strong><\/span><\/p>\n<p>&nbsp;<\/p>\n<p><span style=\"color: #85144c; font-size: 12pt;\"><strong><span style=\"font-size: 14pt;\">D\u00cdT\u011a DO 3 LET &#8211;<\/span><br \/>\npouze p\u0159i ubytov\u00e1n\u00ed s rodi\u010di <span style=\"font-size: 18pt;\">na pokoji bez dal\u0161\u00edch voln\u00fdch <\/span><\/strong><\/span><span style=\"color: #333333; font-size: 12pt;\"><strong><span style=\"color: #85144c; font-size: 18pt;\">p\u0159ist\u00fdlek\u00a0\u010di l\u016f\u017eek<\/span><br \/>\n<\/strong><span style=\"color: #333399;\">&#8211;\u00a0 m\u00e1 pobyt zdarma.<\/span><\/span><\/p>\n<p>&nbsp;<\/p>\n<p><span style=\"color: #333333;\"><span style=\"color: #800000;\"><span style=\"color: #85144c;\"><strong>POPLATEK ZA jak\u00fdkoliv ZV\u00cd\u0158EC\u00cd DOPROVOD<\/strong>\u00a0 <\/span>\u00a0<\/span><span style=\"color: #333399;\">&#8230; <strong>\u00a0<span style=\"font-size: 14pt;\">100 K\u010d\/noc<\/span><br \/>\n<\/strong><strong style=\"line-height: 1.5; font-size: 10pt;\">( nutno\u00a0 p\u0159edem domluvit se spr\u00e1vcem objektu )<\/strong><\/span><\/span><\/p>\n<p><span style=\"color: #333333;\"><span style=\"color: #800000;\"><span style=\"color: #85144c;\"><strong>POPLATKY OBECN\u00cdMU \u00da\u0158ADU OSTRU\u017dN\u00c1<\/strong><\/span><span style=\"color: #333399;\">\u00a0<\/span><\/span><span style=\"color: #333399;\">&#8211; <strong>nejsou zahrnuty do ceny ubytov\u00e1n\u00ed !\u00a0<\/strong><\/span><\/span><span style=\"color: #333399;\"><br \/>\n<\/span><\/p>\n<p><span style=\"color: #333399;\"><strong>osoba star\u0161\u00ed 18 let\u00a0 \u00a0 \u00a0 \u00a0 <\/strong>\u00a0&#8230;&#8230;&#8230;&#8230;&#8230;&#8230;&#8230;&#8230;&#8230;&#8230;&#8230;&#8230;&#8230;.\u00a0 \u00a0 \u00a0<strong><span style=\"font-size: 14pt;\">20 K\u010d\/den<\/span>\u00a0 \u00a0<\/strong>\/zm\u011bna od 1.1. 2020\/<\/span><\/p>\n<p><span style=\"color: #333399;\">P\u0159ipravte si proto, pros\u00edm,<\/span> <span style=\"color: #85144c;\"><span style=\"font-size: 14pt;\"><strong>ob\u010dansk\u00fd\u00a0pr\u016fkaz<\/strong> <\/span><strong><span style=\"font-size: 14pt;\">(pas)<\/span><\/strong>,<\/span> <span style=\"color: #333399;\"><strong>klienti &#8222;Rekreace OS\u017d&#8220;<\/strong>\u00a0nav\u00edc <\/span><span style=\"color: #85144c;\"><strong><span style=\"font-size: 14pt;\">voucher<\/span><\/strong><\/span><br \/>\n<span style=\"color: #333399;\">Platba je mo\u017en\u00e1\u00a0<\/span> <span style=\"color: #85144c;\"><strong style=\"font-size: 14pt;\">finan\u010dn\u00ed hotovost\u00ed <\/strong><\/span><span style=\"font-size: 12pt; color: #333399;\">nebo<\/span><strong style=\"color: #a31515; font-size: 14pt;\"><span style=\"color: #85144c;\"> platebn\u00ed kartou<\/span>\u00a0 &#8211; <span style=\"color: #333399; font-size: 12pt;\">a to p\u0159\u00edmo <\/span><\/strong><span style=\"color: #333399; font-size: 14pt;\"><strong>v den zah\u00e1jen\u00ed pobytu.<\/strong><\/span><\/p>\n<p><span style=\"color: #85144c;\"><strong>P\u0159\u00edchody:<\/strong><\/span><br \/>\n<span style=\"color: #333399;\">&#8211;\u00a0 v ned\u011bli &#8211;<\/span>\u00a0 <span style=\"color: #85144c;\"><strong>nejd\u0159\u00edve <\/strong><strong>po 15.00 hod<\/strong>. &#8211;\u00a0<strong>nejpozd\u011bji do 19.00 hod.<\/strong><\/span><br \/>\n<span style=\"color: #333399;\">&#8211;\u00a0 v ostatn\u00ed dny mo\u017eno i dle dohody<\/span><\/p>\n<p><span style=\"color: #85144c;\"><strong>Odchody:<\/strong><\/span><br \/>\n<span style=\"color: #85144c; font-size: 14pt;\"><strong>&#8211; <span style=\"font-size: 18pt;\">do 9.30 hod.<\/span><\/strong><\/span><\/p>\n","protected":false},"excerpt":{"rendered":"<p>Cen\u00edk pobyt\u016f pro rok\u00a0 \u00a02026 :\u00a0 \u00a0 \u00a0 \u00a0 \u00a0 \u00a0 \u00a0 \u00a0TERM\u00cdNY\u00a0 \u00a0 \u00a0 \u00a0 \u00a0 \u00a0 \u00a0 \u00a0 \u00a0 \u00a0 \u00a0 \u00a0 \u00a0 \u00a0 \u00a0 \u00a0 \u00a0 \u00a0 \u00a0 \u00a0 \u00a0l\u016f\u017eko \/ p\u0159ist\u00fdlka\u00a0 (K\u010d) \u00a0 \u00a0\u00a0 4. 1.\u00a0 \u00a0 \u00a0 \u00a0 \u2013\u00a0 \u00a0 \u00a0 \u00a0 29. 3. 2026\u00a0 \u00a0\u00a0\u00a0 \u00a0 \u00a0 \u00a0 \u00a0 \u00a0 \u00a0 \u00a0 \u00a0 \u00a0 \u00a0 \u00a0\u00a0 \u00a0 \u00a0 \u00a0600 \/ 550 \u00a0 \u00a0 29.3.\u00a0 \u00a0 \u00a0 \u00a0\u2013\u00a0 \u00a0 \u00a0 \u00a020. 12. 2026\u00a0 \u00a0 \u00a0 \u00a0 \u00a0 \u00a0 \u00a0 \u00a0 \u00a0 \u00a0 \u00a0 \u00a0 \u00a0 \u00a0 \u00a0 \u00a0 \u00a0550 \/ 500 \u00a0 \u00a0 20. 12.\u00a0 \u00a0 \u00a0 \u00a0\u2013\u00a0 \u00a0 \u00a0 \u00a0 3.\u00a0 1. 2027\u00a0 \u00a0 \u00a0 \u00a0 \u00a0 \u00a0 \u00a0 \u00a0 \u00a0 \u00a0 \u00a0 \u00a0 \u00a0 \u00a0 \u00a0 \u00a0 700 \/ 650 &nbsp; K celkov\u00e9 \u010d\u00e1stce za pobyt bude p\u0159ipo\u010d\u00edt\u00e1n jednor\u00e1zov\u00fd poplatek za pr\u00e1dlo &#8230; 100 K\u010d\/os. P\u0158\u00cdPLATEK ZA UBYTOV\u00c1N\u00cd pouze NA 1 NOC \u00a0 \u00a0&#8230;\u00a0 \u00a0 100 K\u010d\/ l\u016f\u017eko \u010di p\u0159ist\u00fdlka P\u0158\u00cdPLATEK ZA\u00a0APARTM\u00c1N \u00a0 &#8230; \u00a0 250 K\u010d\/noc \u00a0 &nbsp; PRO JE\u0160T\u011a NECHOD\u00cdC\u00cd D\u011aTI \u00a0je k dispozici jedna skl\u00e1dac\u00ed post\u00fdlka s kompletn\u00ed v\u00fdbavou. Zap\u016fj\u010den\u00ed nutno domluvit p\u0159edem! Cena:\u00a0 \u00a0100 K\u010d\/noc &nbsp; D\u00cdT\u011a DO 3 LET &#8211; pouze p\u0159i ubytov\u00e1n\u00ed s rodi\u010di na pokoji bez <a class=\"more-link\" href=\"https:\/\/www.penzionpacifik.cz\/?page_id=9\">Continue Reading \u2192<\/a><\/p>\n","protected":false},"author":3,"featured_media":0,"parent":0,"menu_order":0,"comment_status":"closed","ping_status":"closed","template":"","meta":{"footnotes":""},"class_list":["post-9","page","type-page","status-publish","hentry"],"_links":{"self":[{"href":"https:\/\/www.penzionpacifik.cz\/index.php?rest_route=\/wp\/v2\/pages\/9","targetHints":{"allow":["GET"]}}],"collection":[{"href":"https:\/\/www.penzionpacifik.cz\/index.php?rest_route=\/wp\/v2\/pages"}],"about":[{"href":"https:\/\/www.penzionpacifik.cz\/index.php?rest_route=\/wp\/v2\/types\/page"}],"author":[{"embeddable":true,"href":"https:\/\/www.penzionpacifik.cz\/index.php?rest_route=\/wp\/v2\/users\/3"}],"replies":[{"embeddable":true,"href":"https:\/\/www.penzionpacifik.cz\/index.php?rest_route=%2Fwp%2Fv2%2Fcomments&post=9"}],"version-history":[{"count":29,"href":"https:\/\/www.penzionpacifik.cz\/index.php?rest_route=\/wp\/v2\/pages\/9\/revisions"}],"predecessor-version":[{"id":11976,"href":"https:\/\/www.penzionpacifik.cz\/index.php?rest_route=\/wp\/v2\/pages\/9\/revisions\/11976"}],"wp:attachment":[{"href":"https:\/\/www.penzionpacifik.cz\/index.php?rest_route=%2Fwp%2Fv2%2Fmedia&parent=9"}],"curies":[{"name":"wp","href":"https:\/\/api.w.org\/{rel}","templated":true}]}}