{"id":5365,"date":"2016-11-16T13:55:37","date_gmt":"2016-11-16T12:55:37","guid":{"rendered":"http:\/\/penzionpacifik.cz\/?page_id=5365"},"modified":"2016-11-16T13:55:37","modified_gmt":"2016-11-16T12:55:37","slug":"podrobny-model-pocasi","status":"publish","type":"page","link":"https:\/\/www.penzionpacifik.cz\/?page_id=5365","title":{"rendered":"Podrobn\u00fd model po\u010das\u00ed"},"content":{"rendered":"<p>Animovan\u00fd v\u00edtr, d\u00e9\u0161\u0165 a teplotn\u00ed mapy, detailn\u00ed p\u0159edpov\u011b\u010f, \u00fadaje z nejlep\u0161\u00edch model\u016f p\u0159edpov\u011bdi po\u010das\u00ed.<\/p>\n<p><a href=\"https:\/\/www.ventusky.com\/?p=49.5;21.9;5&amp;l=temperature&amp;t=20161116\/12\"><img loading=\"lazy\" decoding=\"async\" class=\"alignnone size-medium wp-image-5377\" src=\"http:\/\/penzionpacifik.cz\/wp-content\/uploads\/2016\/11\/logov-300x75.png\" alt=\"logov\" width=\"300\" height=\"75\" srcset=\"https:\/\/www.penzionpacifik.cz\/wp-content\/uploads\/2016\/11\/logov-300x75.png 300w, https:\/\/www.penzionpacifik.cz\/wp-content\/uploads\/2016\/11\/logov-768x193.png 768w, https:\/\/www.penzionpacifik.cz\/wp-content\/uploads\/2016\/11\/logov-1024x257.png 1024w, https:\/\/www.penzionpacifik.cz\/wp-content\/uploads\/2016\/11\/logov.png 1721w\" sizes=\"auto, (max-width: 300px) 100vw, 300px\" \/><\/a><\/p>\n<p><iframe loading=\"lazy\" src=\"https:\/\/www.ventusky.com\/?p=49.50;16.00;5&amp;l=temperature\" width=\"1000\" height=\"700\"><br \/>\n<\/iframe><\/p>\n","protected":false},"excerpt":{"rendered":"<p>Animovan\u00fd v\u00edtr, d\u00e9\u0161\u0165 a teplotn\u00ed mapy, detailn\u00ed p\u0159edpov\u011b\u010f, \u00fadaje z nejlep\u0161\u00edch model\u016f p\u0159edpov\u011bdi po\u010das\u00ed.<\/p>\n","protected":false},"author":3,"featured_media":0,"parent":0,"menu_order":0,"comment_status":"closed","ping_status":"closed","template":"","meta":{"footnotes":""},"class_list":["post-5365","page","type-page","status-publish","hentry"],"_links":{"self":[{"href":"https:\/\/www.penzionpacifik.cz\/index.php?rest_route=\/wp\/v2\/pages\/5365","targetHints":{"allow":["GET"]}}],"collection":[{"href":"https:\/\/www.penzionpacifik.cz\/index.php?rest_route=\/wp\/v2\/pages"}],"about":[{"href":"https:\/\/www.penzionpacifik.cz\/index.php?rest_route=\/wp\/v2\/types\/page"}],"author":[{"embeddable":true,"href":"https:\/\/www.penzionpacifik.cz\/index.php?rest_route=\/wp\/v2\/users\/3"}],"replies":[{"embeddable":true,"href":"https:\/\/www.penzionpacifik.cz\/index.php?rest_route=%2Fwp%2Fv2%2Fcomments&post=5365"}],"version-history":[{"count":0,"href":"https:\/\/www.penzionpacifik.cz\/index.php?rest_route=\/wp\/v2\/pages\/5365\/revisions"}],"wp:attachment":[{"href":"https:\/\/www.penzionpacifik.cz\/index.php?rest_route=%2Fwp%2Fv2%2Fmedia&parent=5365"}],"curies":[{"name":"wp","href":"https:\/\/api.w.org\/{rel}","templated":true}]}}