{"id":4522,"date":"2016-06-13T09:27:52","date_gmt":"2016-06-13T08:27:52","guid":{"rendered":"http:\/\/penzionpacifik.cz\/?page_id=4522"},"modified":"2017-06-06T09:47:29","modified_gmt":"2017-06-06T08:47:29","slug":"carodejnice-na-pacifiku","status":"publish","type":"page","link":"https:\/\/www.penzionpacifik.cz\/?page_id=4522","title":{"rendered":"\u010carod\u011bjnice na Pacifiku 2016"},"content":{"rendered":"<p><a href=\"http:\/\/penzionpacifik.cz\/wp-content\/uploads\/2016\/06\/\u010darod\u011bjka.png\" data-rel=\"lightbox-gallery-LHwKhLEy\" data-rl_title=\"\" data-rl_caption=\"\" title=\"\"><img loading=\"lazy\" decoding=\"async\" class=\"alignnone size-full wp-image-4527\" src=\"http:\/\/penzionpacifik.cz\/wp-content\/uploads\/2016\/06\/\u010darod\u011bjka.png\" alt=\"\u010darod\u011bjka\" width=\"116\" height=\"180\" \/><\/a><\/p>\n<p><span style=\"color: #008000; font-size: 14pt;\"><strong><span style=\"color: #003300; font-size: 12pt;\"><span style=\"font-size: 14pt;\">Jak\u00e9 to bylo<\/span>\u00a0\u00a0<span style=\"color: #d61c15; font-size: 18pt;\">o jedn\u00e9 z Valpru\u017ein\u00fdch noc\u00ed <span style=\"font-size: 14pt; color: #008000;\">se m\u016f\u017eete pod\u00edvat na videu n\u00ed\u017ee<\/span><\/span><\/span><\/strong><\/span><\/p>\n<div style=\"position: relative; height: 0; padding-bottom: 75.0%;\"><iframe loading=\"lazy\" style=\"left: 0px; width: 100%; height: 100%; position: absolute;\" src=\"https:\/\/www.youtube.com\/embed\/1fCbZm1vF5c?ecver=2\" width=\"480\" height=\"360\" frameborder=\"0\" allowfullscreen=\"allowfullscreen\"><\/iframe><\/div>\n","protected":false},"excerpt":{"rendered":"<p>Jak\u00e9 to bylo\u00a0\u00a0o jedn\u00e9 z Valpru\u017ein\u00fdch noc\u00ed se m\u016f\u017eete pod\u00edvat na videu n\u00ed\u017ee<\/p>\n","protected":false},"author":3,"featured_media":0,"parent":0,"menu_order":0,"comment_status":"closed","ping_status":"closed","template":"","meta":{"footnotes":""},"class_list":["post-4522","page","type-page","status-publish","hentry"],"_links":{"self":[{"href":"https:\/\/www.penzionpacifik.cz\/index.php?rest_route=\/wp\/v2\/pages\/4522","targetHints":{"allow":["GET"]}}],"collection":[{"href":"https:\/\/www.penzionpacifik.cz\/index.php?rest_route=\/wp\/v2\/pages"}],"about":[{"href":"https:\/\/www.penzionpacifik.cz\/index.php?rest_route=\/wp\/v2\/types\/page"}],"author":[{"embeddable":true,"href":"https:\/\/www.penzionpacifik.cz\/index.php?rest_route=\/wp\/v2\/users\/3"}],"replies":[{"embeddable":true,"href":"https:\/\/www.penzionpacifik.cz\/index.php?rest_route=%2Fwp%2Fv2%2Fcomments&post=4522"}],"version-history":[{"count":0,"href":"https:\/\/www.penzionpacifik.cz\/index.php?rest_route=\/wp\/v2\/pages\/4522\/revisions"}],"wp:attachment":[{"href":"https:\/\/www.penzionpacifik.cz\/index.php?rest_route=%2Fwp%2Fv2%2Fmedia&parent=4522"}],"curies":[{"name":"wp","href":"https:\/\/api.w.org\/{rel}","templated":true}]}}