{"id":2959,"date":"2015-10-23T06:04:39","date_gmt":"2015-10-23T05:04:39","guid":{"rendered":"http:\/\/penzionpacifik.cz\/?page_id=2959"},"modified":"2026-05-04T13:34:31","modified_gmt":"2026-05-04T11:34:31","slug":"obsazenost-penzionu2-2","status":"publish","type":"page","link":"https:\/\/www.penzionpacifik.cz\/?page_id=2959","title":{"rendered":"Obsazenost penzionu"},"content":{"rendered":"<p>&nbsp;<\/p>\n<p><a href=\"https:\/\/www.penzionpacifik.cz\/wp-content\/uploads\/2026\/05\/jaro-bb.jpg\" data-rel=\"lightbox-gallery-RMf4JlUD\" data-rl_title=\"\" data-rl_caption=\"\" title=\"\"><img loading=\"lazy\" decoding=\"async\" class=\"alignnone wp-image-12153\" src=\"https:\/\/www.penzionpacifik.cz\/wp-content\/uploads\/2026\/05\/jaro-bb.jpg\" alt=\"\" width=\"305\" height=\"320\" \/><\/a><\/p>\n<p><span style=\"color: #99cc00;\"><strong><span style=\"font-size: 14pt;\">7. &#8211; 10. 5. 2026<br \/>\n<span style=\"color: #870e0e;\"><span style=\"color: #075707;\">\ud83d\ude09 uvolnil se 4L mezonetov\u00fd apartm\u00e1n &#8211; \u017ee by zrovna pro V\u00e1s \ud83d\ude09 ???<\/span><\/span><\/span><\/strong><\/span><\/p>\n<p><span style=\"color: #99cc00;\"><strong><span style=\"font-size: 14pt;\">10. &#8211; 17. 5. 2026<\/span><\/strong><\/span><br \/>\n<span style=\"color: #075707;\"><strong><span style=\"font-size: 14pt;\">voln\u00e9 oba apartm\u00e1ny<\/span><\/strong><\/span><\/p>\n<p><span style=\"color: #99cc00;\"><strong><span style=\"font-size: 14pt;\">17. &#8211; 24. 5. 2026<\/span><\/strong><\/span><br \/>\n<span style=\"color: #075707;\"><strong><span style=\"font-size: 14pt;\">voln\u00e9 3 pokoje v 1.pat\u0159e a jeden apartm\u00e1n<\/span><\/strong><\/span><\/p>\n<p><span style=\"color: #99cc00;\"><strong><span style=\"font-size: 14pt;\">28. &#8211; 31. 5. 2026<\/span><\/strong><\/span><br \/>\n<strong><span style=\"font-size: 14pt; color: #870e0e;\">penzion obsazen<\/span><\/strong><\/p>\n<p><span style=\"color: #99cc00;\"><strong><span style=\"font-size: 14pt;\">4. 6. &#8211; 7. 6. 2026<\/span><\/strong><\/span><br \/>\n<strong><span style=\"font-size: 14pt; color: #075707;\">voln\u00fd 2L pokoj v 1.pat\u0159e a jeden apartm\u00e1n<\/span><\/strong><\/p>\n<p>&nbsp;<\/p>\n<p><strong><span style=\"font-size: 14pt; color: #075707;\">&#8230;.. pak n\u00e1sleduje voln\u011bj\u0161\u00ed ubytovac\u00ed kapacita v \u010dervnu &#8211;<br \/>\n<span style=\"font-size: 18pt;\">\u00a0<span style=\"color: #870e0e;\">ale pozor, pr\u00e1zdninov\u00e9 term\u00edny l\u00e1kaj\u00ed, a proto se hodn\u011b rychle zapl\u0148uj\u00ed &#8230;&#8230;.<\/span><\/span><\/span><\/strong><\/p>\n<p>&nbsp;<\/p>\n<p>&nbsp;<\/p>\n<p>&nbsp;<\/p>\n<p>&nbsp;<\/p>\n<p>&nbsp;<\/p>\n<p>&nbsp;<\/p>\n<p>&nbsp;<\/p>\n<p>&nbsp;<\/p>\n<p>&nbsp;<\/p>\n<p>&nbsp;<\/p>\n<p>&nbsp;<\/p>\n<p>&nbsp;<\/p>\n<p><span style=\"font-size: 14pt; color: #008000;\"><strong>\u00a0<\/strong><\/span><\/p>\n<p>&nbsp;<\/p>\n<p>&nbsp;<\/p>\n<p>&nbsp;<\/p>\n<p>&nbsp;<\/p>\n<p><span style=\"font-size: 18pt; color: #d14949;\"><strong><br \/>\n<\/strong><\/span><span style=\"font-size: 18pt; color: #0b730b;\"><strong><span style=\"font-size: 14pt; color: #c4601d;\"><span style=\"font-size: 10pt;\">\u00a0<\/span><\/span><\/strong><\/span><\/p>\n<p>&nbsp;<\/p>\n<p>&nbsp;<\/p>\n<p>&nbsp;<\/p>\n<p>&nbsp;<\/p>\n<p>&nbsp;<\/p>\n<p>&nbsp;<\/p>\n<p>&nbsp;<\/p>\n<p>&nbsp;<\/p>\n<p>&nbsp;<\/p>\n<p>&nbsp;<\/p>\n<p>&nbsp;<\/p>\n<p>&nbsp;<\/p>\n<p>&nbsp;<\/p>\n<p><!-- x-tinymce\/html --><\/p>\n<p>&nbsp;<\/p>\n<p>&nbsp;<\/p>\n<p><span style=\"color: #003300; font-size: 14pt;\">\u00a0<\/span><\/p>\n<p><span style=\"color: #bf5241; font-size: 14pt;\"><strong>\u00a0<\/strong><\/span><\/p>\n<p><strong>\u00a0<\/strong><\/p>\n<p>&nbsp;<\/p>\n<p><span style=\"font-size: 14pt;\"><strong><span style=\"color: #003300;\"><span style=\"color: #ff6600; font-size: 12pt;\">\u00a0\u00a0\u00a0\u00a0\u00a0\u00a0\u00a0\u00a0\u00a0\u00a0\u00a0\u00a0\u00a0\u00a0\u00a0\u00a0\u00a0\u00a0\u00a0\u00a0\u00a0\u00a0\u00a0\u00a0\u00a0\u00a0\u00a0\u00a0\u00a0\u00a0\u00a0\u00a0\u00a0\u00a0\u00a0\u00a0\u00a0\u00a0\u00a0\u00a0\u00a0\u00a0\u00a0\u00a0\u00a0\u00a0\u00a0\u00a0\u00a0\u00a0\u00a0\u00a0\u00a0\u00a0\u00a0\u00a0\u00a0\u00a0\u00a0\u00a0\u00a0\u00a0\u00a0\u00a0\u00a0\u00a0\u00a0\u00a0\u00a0\u00a0\u00a0\u00a0\u00a0\u00a0\u00a0\u00a0\u00a0\u00a0\u00a0\u00a0\u00a0\u00a0\u00a0\u00a0\u00a0\u00a0\u00a0\u00a0\u00a0\u00a0\u00a0\u00a0\u00a0\u00a0\u00a0\u00a0\u00a0\u00a0\u00a0\u00a0\u00a0\u00a0\u00a0\u00a0\u00a0\u00a0\u00a0<\/span><\/span><\/strong><\/span><\/p>\n","protected":false},"excerpt":{"rendered":"<p>&nbsp; 7. &#8211; 10. 5. 2026 \ud83d\ude09 uvolnil se 4L mezonetov\u00fd apartm\u00e1n &#8211; \u017ee by zrovna pro V\u00e1s \ud83d\ude09 ??? 10. &#8211; 17. 5. 2026 voln\u00e9 oba apartm\u00e1ny 17. &#8211; 24. 5. 2026 voln\u00e9 3 pokoje v 1.pat\u0159e a jeden apartm\u00e1n 28. &#8211; 31. 5. 2026 penzion obsazen 4. 6. &#8211; 7. 6. 2026 voln\u00fd 2L pokoj v 1.pat\u0159e a jeden apartm\u00e1n &nbsp; &#8230;.. pak n\u00e1sleduje voln\u011bj\u0161\u00ed ubytovac\u00ed kapacita v \u010dervnu &#8211; \u00a0ale pozor, pr\u00e1zdninov\u00e9 term\u00edny l\u00e1kaj\u00ed, a proto se hodn\u011b rychle zapl\u0148uj\u00ed &#8230;&#8230;. &nbsp; &nbsp; &nbsp; &nbsp; &nbsp; &nbsp; &nbsp; &nbsp; &nbsp; &nbsp; &nbsp; &nbsp; \u00a0 &nbsp; &nbsp; &nbsp; &nbsp; \u00a0 &nbsp; &nbsp; &nbsp; &nbsp; &nbsp; &nbsp; &nbsp; &nbsp; &nbsp; &nbsp; &nbsp; &nbsp; &nbsp; &nbsp; &nbsp; \u00a0 \u00a0 \u00a0 &nbsp; \u00a0\u00a0\u00a0\u00a0\u00a0\u00a0\u00a0\u00a0\u00a0\u00a0\u00a0\u00a0\u00a0\u00a0\u00a0\u00a0\u00a0\u00a0\u00a0\u00a0\u00a0\u00a0\u00a0\u00a0\u00a0\u00a0\u00a0\u00a0\u00a0\u00a0\u00a0\u00a0\u00a0\u00a0\u00a0\u00a0\u00a0\u00a0\u00a0\u00a0\u00a0\u00a0\u00a0\u00a0\u00a0\u00a0\u00a0\u00a0\u00a0\u00a0\u00a0\u00a0\u00a0\u00a0\u00a0\u00a0\u00a0\u00a0\u00a0\u00a0\u00a0\u00a0\u00a0\u00a0\u00a0\u00a0\u00a0\u00a0\u00a0\u00a0\u00a0\u00a0\u00a0\u00a0\u00a0\u00a0\u00a0\u00a0\u00a0\u00a0\u00a0\u00a0\u00a0\u00a0\u00a0\u00a0\u00a0\u00a0\u00a0\u00a0\u00a0\u00a0\u00a0\u00a0\u00a0\u00a0\u00a0\u00a0\u00a0\u00a0\u00a0\u00a0\u00a0\u00a0\u00a0\u00a0\u00a0<\/p>\n","protected":false},"author":3,"featured_media":0,"parent":0,"menu_order":0,"comment_status":"closed","ping_status":"closed","template":"","meta":{"footnotes":""},"class_list":["post-2959","page","type-page","status-publish","hentry"],"_links":{"self":[{"href":"https:\/\/www.penzionpacifik.cz\/index.php?rest_route=\/wp\/v2\/pages\/2959","targetHints":{"allow":["GET"]}}],"collection":[{"href":"https:\/\/www.penzionpacifik.cz\/index.php?rest_route=\/wp\/v2\/pages"}],"about":[{"href":"https:\/\/www.penzionpacifik.cz\/index.php?rest_route=\/wp\/v2\/types\/page"}],"author":[{"embeddable":true,"href":"https:\/\/www.penzionpacifik.cz\/index.php?rest_route=\/wp\/v2\/users\/3"}],"replies":[{"embeddable":true,"href":"https:\/\/www.penzionpacifik.cz\/index.php?rest_route=%2Fwp%2Fv2%2Fcomments&post=2959"}],"version-history":[{"count":282,"href":"https:\/\/www.penzionpacifik.cz\/index.php?rest_route=\/wp\/v2\/pages\/2959\/revisions"}],"predecessor-version":[{"id":12156,"href":"https:\/\/www.penzionpacifik.cz\/index.php?rest_route=\/wp\/v2\/pages\/2959\/revisions\/12156"}],"wp:attachment":[{"href":"https:\/\/www.penzionpacifik.cz\/index.php?rest_route=%2Fwp%2Fv2%2Fmedia&parent=2959"}],"curies":[{"name":"wp","href":"https:\/\/api.w.org\/{rel}","templated":true}]}}