{"id":2,"date":"2015-02-08T03:25:37","date_gmt":"2015-02-08T03:25:37","guid":{"rendered":"http:\/\/pacifik.gelidus.cz\/?page_id=2"},"modified":"2016-10-25T08:20:17","modified_gmt":"2016-10-25T07:20:17","slug":"zkusebni-stranka","status":"publish","type":"page","link":"https:\/\/www.penzionpacifik.cz\/","title":{"rendered":"V\u00edtejte"},"content":{"rendered":"<h3><strong>Rekrea\u010dn\u00ed za\u0159\u00edzen\u00ed Pacifik,<\/strong><\/h3>\n<p>kter\u00e9 nab\u00edz\u00ed velmi kvalitn\u00ed ubytov\u00e1n\u00ed v Jesen\u00edk\u00e1ch, naleznete v Ramzovsk\u00e9m pr\u016fsmyku,<br \/>\nna severoz\u00e1padn\u00edm okraji Hrub\u00e9ho Jesen\u00edku, pod masivem \u0160er\u00e1ku.<br \/>\nP\u016fvodn\u011b byla budova starou \u0161kolou, zalo\u017eenou roku 1811.<br \/>\nV roce 2003 pro\u0161el cel\u00fd objekt kompletn\u00ed rekonstrukc\u00ed a vznikl tak sou\u010dasn\u00fd pln\u011b funk\u010dn\u00ed penzion.<\/p>\n<p>Najdete n\u00e1s asi 5 minut ch\u016fze od nejv\u00fd\u0161e polo\u017een\u00e9 rychl\u00edkov\u00e9 stanice v republice.<br \/>\n\u017delezni\u010dn\u00ed zast\u00e1vka Ramzov\u00e1 se nach\u00e1z\u00ed v nadmo\u0159sk\u00e9 v\u00fd\u0161ce 750 m n.m. na trati \u0160umperk\u2013Jesen\u00edk-Krnov.<\/p>\n<p><a href=\"http:\/\/penzionpacifik.cz\/wp-content\/uploads\/2015\/02\/Razitko_zeleznice.jpg\" data-rel=\"lightbox-gallery-Q9nglYov\" data-rl_title=\"\" data-rl_caption=\"\" title=\"\"><img loading=\"lazy\" decoding=\"async\" class=\" wp-image-12 aligncenter\" src=\"http:\/\/penzionpacifik.cz\/wp-content\/uploads\/2015\/02\/Razitko_zeleznice.jpg\" alt=\"Razitko_zeleznice\" width=\"157\" height=\"110\" \/><\/a><\/p>\n<p>&nbsp;<\/p>\n<p>Cesta autem z Prahy trv\u00e1 4,5 hodiny, \u00a0z Brna nebo z Ostravy 2,5 hodiny<br \/>\na z Olomouce \u010di Hradce Kr\u00e1lov\u00e9 1,5 hodiny j\u00edzdy.<\/p>\n<p>D\u00edky sv\u00e9 poloze v srdci Jesen\u00edk\u016f a vynikaj\u00edc\u00ed dopravn\u00ed dostupnosti se\u00a0tato horsk\u00e1 osada \u0159ad\u00ed<br \/>\nv posledn\u00edm desetilet\u00ed mezi nejdynami\u010dt\u011bji se rozv\u00edjej\u00edc\u00ed ly\u017ea\u0159sk\u00e1 st\u0159ediska Jesen\u00edk\u016f.<br \/>\nSvou polohou p\u0159\u00edmo zve k v\u00fdlet\u016fm \u010di del\u0161\u00edm t\u00far\u00e1m v malebn\u00e9 p\u0159\u00edrod\u011b Hrub\u00e9ho Jesen\u00edku.<br \/>\nJako p\u0159\u00edklad uve\u010fme kr\u00e1pn\u00edkov\u00e9 jeskyn\u011b Na Pomez\u00ed, lanovou dr\u00e1hu z Ramzov\u00e9 na \u0160er\u00e1k,<br \/>\np\u0159\u00edrodn\u00ed rezervaci Rejv\u00edz, nau\u010dnou stezku Pas\u00e1k, z\u00e1mek J\u00e1nsk\u00fd Vrch, rozhlednu Zlat\u00fd Chlum,<br \/>\nBor\u016fvkovou horu, koup\u00e1n\u00ed v zatopen\u00fdch lomech, term\u00e1ln\u00ed l\u00e1zn\u011b-koupali\u0161t\u011b Velk\u00e9 Losiny<br \/>\na v neposledn\u00ed \u0159ad\u011b i sv\u011btozn\u00e1m\u00e9 Priessnitzovy l\u00e1zn\u011b.<\/p>\n<p>Milovn\u00edci adrenalinu rozhodn\u011b mus\u00ed vyzkou\u0161et zdej\u0161\u00ed horsk\u00e9 minik\u00e1ry. Vlek v\u00e1s vyt\u00e1hne na start<br \/>\na potom u\u017e si jen u\u017e\u00edv\u00e1te pocit opojn\u00e9 rychlosti na dr\u00e1ze dlouh\u00e9 850 metr\u016f.<br \/>\nMilujete-li opravdu rychlou j\u00edzdu, nezapome\u0148te nav\u0161t\u00edvit i letn\u00ed bobovou dr\u00e1hu v Pet\u0159\u00edkov\u011b.<\/p>\n<p>Nad Ramzovou se vyp\u00edn\u00e1 v\u00fdrazn\u00e1 dominanta kraje &#8211; hora \u0160er\u00e1k, na jej\u00ed\u017e vrchol vede jedin\u00e1<br \/>\njesenick\u00e1 lanovka: \u00a0\u010dty\u0159seda\u010dkov\u00e1 (Ramzov\u00e1-\u010cer\u0148ava) a dvouseda\u010dkov\u00e1 (\u010cer\u0148ava-\u0160er\u00e1k).<br \/>\nPokoch\u00e1te se opravdu p\u0159ekr\u00e1sn\u00fdm v\u00fdhledem p\u0159i j\u00edzd\u011b dlouh\u00e9 p\u0159es 3 km a p\u0159ekon\u00e1vaj\u00edc\u00ed p\u0159ev\u00fd\u0161en\u00ed<br \/>\nv\u00edce ne\u017e 600 metr\u016f.<\/p>\n<p>V zim\u011b je zde krom\u011b lanovek v provozu i \u0159ada ly\u017ea\u0159sk\u00fdch vlek\u016f a 6 km sjezdov\u00fdch trat\u00ed.<br \/>\nPro vyznava\u010de b\u00edl\u00e9 stopy jsou tady dob\u0159e upravovan\u00e9 b\u011b\u017eeck\u00e9 trat\u011b.<br \/>\nV l\u00e9t\u011b mohou p\u0159\u00edznivci p\u011b\u0161\u00ed turistiky \u010di horsk\u00fdch kol vyu\u017e\u00edt mno\u017estv\u00ed turistick\u00fdch tras<br \/>\na cyklostezek.<br \/>\nPro paragliding nab\u00edzej\u00ed\u00a0<span style=\"line-height: 1.5;\">m\u00edstn\u00ed kopce n\u00e1dhern\u00e9 z\u00e1\u017eitky z neobvykl\u00fdch letov\u00fdch ter\u00e9n\u016f.<\/span><\/p>\n<p>Okol\u00ed Ramzov\u00e9 pokr\u00fdv\u00e1 n\u011bkolik chr\u00e1n\u011bn\u00fdch oblast\u00ed.<\/p>\n<p>V \u010cesk\u00e9 Vsi je nov\u011b otev\u0159en\u00fd Adrenalin park a lanov\u00e9 centrum, Paintball \u010di motorov\u00e9 \u010dty\u0159kolky.<br \/>\nV\u00edce na <a href=\"http:\/\/www.adrenalin-park.cz\/\" target=\"_blank\">adrenalin<\/a><\/p>\n<p>Nejv\u00fd\u0161e polo\u017eenou dr\u00e1hou pro kole\u010dkov\u00e9 brusla\u0159e (1350 m n.m.) je ov\u00e1l kolem horn\u00ed n\u00e1dr\u017ee<br \/>\np\u0159e\u010derp\u00e1vac\u00ed elektr\u00e1rny Dlouh\u00e9 Str\u00e1n\u011b v d\u00e9lce 1,7 km.<br \/>\nPovrch i provoz jsou hodnoceny stupn\u011bm 1. M\u00edsto nab\u00edz\u00ed kr\u00e1sn\u00e9 v\u00fdhledy po okoln\u00edch parti\u00edch Hrub\u00e9ho Jesen\u00edku<br \/>\na samo o sob\u011b\u00a0se m\u016f\u017ee klidn\u011b \u0159adit k modern\u00edm div\u016fm sou\u010dasn\u00e9ho sv\u011bta.<br \/>\n<span style=\"line-height: 1.5;\">\u010casto zde fouk\u00e1 v\u00edtr, kter\u00fd v\u00e1s p\u0159i bruslen\u00ed bude v jednom sm\u011bru hn\u00e1t kup\u0159edu a v opa\u010dn\u00e9m si po\u0159\u00e1dn\u011b &#8222;m\u00e1knete&#8220;.<br \/>\n<\/span><\/p>\n<p>&nbsp;<\/p>\n","protected":false},"excerpt":{"rendered":"<p>Rekrea\u010dn\u00ed za\u0159\u00edzen\u00ed Pacifik, kter\u00e9 nab\u00edz\u00ed velmi kvalitn\u00ed ubytov\u00e1n\u00ed v Jesen\u00edk\u00e1ch, naleznete v Ramzovsk\u00e9m pr\u016fsmyku, na severoz\u00e1padn\u00edm okraji Hrub\u00e9ho Jesen\u00edku, pod masivem \u0160er\u00e1ku. P\u016fvodn\u011b byla budova starou \u0161kolou, zalo\u017eenou roku 1811. V roce 2003 pro\u0161el cel\u00fd objekt kompletn\u00ed rekonstrukc\u00ed a vznikl tak sou\u010dasn\u00fd pln\u011b funk\u010dn\u00ed penzion. Najdete n\u00e1s asi 5 minut ch\u016fze od nejv\u00fd\u0161e polo\u017een\u00e9 rychl\u00edkov\u00e9 stanice v republice. \u017delezni\u010dn\u00ed zast\u00e1vka Ramzov\u00e1 se nach\u00e1z\u00ed v nadmo\u0159sk\u00e9 v\u00fd\u0161ce 750 m n.m. na trati \u0160umperk\u2013Jesen\u00edk-Krnov. &nbsp; Cesta autem z Prahy trv\u00e1 4,5 hodiny, \u00a0z Brna nebo z Ostravy 2,5 hodiny a z Olomouce \u010di Hradce Kr\u00e1lov\u00e9 1,5 hodiny j\u00edzdy. D\u00edky sv\u00e9 poloze v srdci Jesen\u00edk\u016f a vynikaj\u00edc\u00ed dopravn\u00ed dostupnosti se\u00a0tato horsk\u00e1 osada \u0159ad\u00ed v posledn\u00edm desetilet\u00ed mezi nejdynami\u010dt\u011bji se rozv\u00edjej\u00edc\u00ed ly\u017ea\u0159sk\u00e1 st\u0159ediska Jesen\u00edk\u016f. Svou polohou p\u0159\u00edmo zve k v\u00fdlet\u016fm \u010di del\u0161\u00edm t\u00far\u00e1m v malebn\u00e9 p\u0159\u00edrod\u011b Hrub\u00e9ho Jesen\u00edku. Jako p\u0159\u00edklad uve\u010fme kr\u00e1pn\u00edkov\u00e9 jeskyn\u011b Na Pomez\u00ed, lanovou dr\u00e1hu z Ramzov\u00e9 na \u0160er\u00e1k, p\u0159\u00edrodn\u00ed rezervaci Rejv\u00edz, nau\u010dnou stezku Pas\u00e1k, z\u00e1mek J\u00e1nsk\u00fd Vrch, rozhlednu Zlat\u00fd Chlum, Bor\u016fvkovou horu, koup\u00e1n\u00ed v zatopen\u00fdch lomech, term\u00e1ln\u00ed l\u00e1zn\u011b-koupali\u0161t\u011b Velk\u00e9 Losiny a v neposledn\u00ed \u0159ad\u011b i sv\u011btozn\u00e1m\u00e9 Priessnitzovy l\u00e1zn\u011b. Milovn\u00edci adrenalinu rozhodn\u011b mus\u00ed vyzkou\u0161et zdej\u0161\u00ed horsk\u00e9 minik\u00e1ry. Vlek v\u00e1s vyt\u00e1hne na start a potom u\u017e si jen u\u017e\u00edv\u00e1te pocit opojn\u00e9 rychlosti na <a class=\"more-link\" href=\"https:\/\/www.penzionpacifik.cz\/\">Continue Reading \u2192<\/a><\/p>\n","protected":false},"author":3,"featured_media":0,"parent":0,"menu_order":0,"comment_status":"closed","ping_status":"closed","template":"","meta":{"footnotes":""},"class_list":["post-2","page","type-page","status-publish","hentry"],"_links":{"self":[{"href":"https:\/\/www.penzionpacifik.cz\/index.php?rest_route=\/wp\/v2\/pages\/2","targetHints":{"allow":["GET"]}}],"collection":[{"href":"https:\/\/www.penzionpacifik.cz\/index.php?rest_route=\/wp\/v2\/pages"}],"about":[{"href":"https:\/\/www.penzionpacifik.cz\/index.php?rest_route=\/wp\/v2\/types\/page"}],"author":[{"embeddable":true,"href":"https:\/\/www.penzionpacifik.cz\/index.php?rest_route=\/wp\/v2\/users\/3"}],"replies":[{"embeddable":true,"href":"https:\/\/www.penzionpacifik.cz\/index.php?rest_route=%2Fwp%2Fv2%2Fcomments&post=2"}],"version-history":[{"count":0,"href":"https:\/\/www.penzionpacifik.cz\/index.php?rest_route=\/wp\/v2\/pages\/2\/revisions"}],"wp:attachment":[{"href":"https:\/\/www.penzionpacifik.cz\/index.php?rest_route=%2Fwp%2Fv2%2Fmedia&parent=2"}],"curies":[{"name":"wp","href":"https:\/\/api.w.org\/{rel}","templated":true}]}}