{"id":1005,"date":"2015-02-09T18:41:14","date_gmt":"2015-02-09T17:41:14","guid":{"rendered":"http:\/\/pacifik.gelidus.cz\/?page_id=1005"},"modified":"2016-02-02T09:50:23","modified_gmt":"2016-02-02T08:50:23","slug":"sjezdovky","status":"publish","type":"page","link":"https:\/\/www.penzionpacifik.cz\/?page_id=1005","title":{"rendered":"Sjezdovky"},"content":{"rendered":"<h3 class=\"green\">Sjezdovky a vleky &#8211; Ramzov\u00e1<\/h3>\n<p>&nbsp;<\/p>\n<p><a href=\"http:\/\/penzionpacifik.cz\/wp-content\/uploads\/2015\/02\/ly\u017ea\u0159_2.png\" data-rel=\"lightbox-gallery-0qbBmbFX\" data-rl_title=\"\" data-rl_caption=\"\" title=\"\"><img loading=\"lazy\" decoding=\"async\" class=\"alignnone  wp-image-1369\" src=\"http:\/\/penzionpacifik.cz\/wp-content\/uploads\/2015\/02\/ly\u017ea\u0159_2.png\" alt=\"ly\u017ea\u0159_2\" width=\"185\" height=\"163\" \/><\/a><\/p>\n<table class=\"slope\" border=\"0\">\n<tbody>\n<tr>\n<th>N\u00e1zev<\/th>\n<th>Obt\u00ed\u017enost<\/th>\n<th>D\u00e9lka<\/th>\n<\/tr>\n<tr class=\"even\">\n<td class=\"name\"><strong>\u010cer\u0148ava &#8211; Ramzov\u00e1 I.<\/strong><\/td>\n<td><a href=\"http:\/\/penzionpacifik.cz\/wp-content\/uploads\/2015\/02\/cervena.png\" data-rel=\"lightbox-gallery-0qbBmbFX\" data-rl_title=\"\" data-rl_caption=\"\" title=\"\"><img loading=\"lazy\" decoding=\"async\" class=\" size-full wp-image-1445 aligncenter\" src=\"http:\/\/penzionpacifik.cz\/wp-content\/uploads\/2015\/02\/cervena.png\" alt=\"cervena\" width=\"12\" height=\"12\" \/><\/a><\/td>\n<td>1400 m<\/td>\n<\/tr>\n<tr class=\"odd\">\n<td class=\"name\"><strong>\u010cer\u0148ava &#8211; Ramzov\u00e1 II.<\/strong><\/td>\n<td><a href=\"http:\/\/penzionpacifik.cz\/wp-content\/uploads\/2015\/02\/cervena.png\" data-rel=\"lightbox-gallery-0qbBmbFX\" data-rl_title=\"\" data-rl_caption=\"\" title=\"\"><img loading=\"lazy\" decoding=\"async\" class=\" size-full wp-image-1445 aligncenter\" src=\"http:\/\/penzionpacifik.cz\/wp-content\/uploads\/2015\/02\/cervena.png\" alt=\"cervena\" width=\"12\" height=\"12\" \/><\/a><\/td>\n<td>1300 m<\/td>\n<\/tr>\n<tr class=\"even\">\n<td class=\"name\"><strong>Mra\u010dn\u00e1 &#8211; \u010cer\u0148ava I.<\/strong><\/td>\n<td><a href=\"http:\/\/penzionpacifik.cz\/wp-content\/uploads\/2015\/02\/cerna.png\" data-rel=\"lightbox-gallery-0qbBmbFX\" data-rl_title=\"\" data-rl_caption=\"\" title=\"\"><img loading=\"lazy\" decoding=\"async\" class=\" size-full wp-image-1446 aligncenter\" src=\"http:\/\/penzionpacifik.cz\/wp-content\/uploads\/2015\/02\/cerna.png\" alt=\"cerna\" width=\"12\" height=\"12\" \/><\/a><\/td>\n<td>900 m<\/td>\n<\/tr>\n<tr class=\"odd\">\n<td class=\"name\"><strong>Mra\u010dn\u00e1 &#8211; \u010cer\u0148ava II.<\/strong><\/td>\n<td><a href=\"http:\/\/penzionpacifik.cz\/wp-content\/uploads\/2015\/02\/cervena.png\" data-rel=\"lightbox-gallery-0qbBmbFX\" data-rl_title=\"\" data-rl_caption=\"\" title=\"\"><img loading=\"lazy\" decoding=\"async\" class=\" size-full wp-image-1445 aligncenter\" src=\"http:\/\/penzionpacifik.cz\/wp-content\/uploads\/2015\/02\/cervena.png\" alt=\"cervena\" width=\"12\" height=\"12\" \/><\/a><\/td>\n<td>1100 m<\/td>\n<\/tr>\n<tr class=\"even\">\n<td class=\"name\"><strong>\u010cern\u00e1<\/strong><\/td>\n<td><a href=\"http:\/\/penzionpacifik.cz\/wp-content\/uploads\/2015\/02\/cerna.png\" data-rel=\"lightbox-gallery-0qbBmbFX\" data-rl_title=\"\" data-rl_caption=\"\" title=\"\"><img loading=\"lazy\" decoding=\"async\" class=\" size-full wp-image-1446 aligncenter\" src=\"http:\/\/penzionpacifik.cz\/wp-content\/uploads\/2015\/02\/cerna.png\" alt=\"cerna\" width=\"12\" height=\"12\" \/><\/a><\/td>\n<td>300 m<\/td>\n<\/tr>\n<tr class=\"odd\">\n<td class=\"name\"><strong>\u0160er\u00e1k &#8211; Ramzov\u00e1<\/strong><\/td>\n<td><a href=\"http:\/\/penzionpacifik.cz\/wp-content\/uploads\/2015\/02\/modra.png\" data-rel=\"lightbox-gallery-0qbBmbFX\" data-rl_title=\"\" data-rl_caption=\"\" title=\"\"><img loading=\"lazy\" decoding=\"async\" class=\" size-full wp-image-1447 aligncenter\" src=\"http:\/\/penzionpacifik.cz\/wp-content\/uploads\/2015\/02\/modra.png\" alt=\"modra\" width=\"12\" height=\"12\" \/><\/a><\/td>\n<td>3260 m<\/td>\n<\/tr>\n<tr class=\"even\">\n<td class=\"name\"><strong>Ramzov\u00e1 &#8211; Louka<\/strong><\/td>\n<td><a href=\"http:\/\/penzionpacifik.cz\/wp-content\/uploads\/2015\/02\/modra.png\" data-rel=\"lightbox-gallery-0qbBmbFX\" data-rl_title=\"\" data-rl_caption=\"\" title=\"\"><img loading=\"lazy\" decoding=\"async\" class=\" size-full wp-image-1447 aligncenter\" src=\"http:\/\/penzionpacifik.cz\/wp-content\/uploads\/2015\/02\/modra.png\" alt=\"modra\" width=\"12\" height=\"12\" \/><\/a><\/td>\n<td>400 m<\/td>\n<\/tr>\n<\/tbody>\n<\/table>\n<p><a href=\"http:\/\/penzionpacifik.cz\/wp-content\/uploads\/2015\/02\/sn\u011bhul\u00e1k.png\" data-rel=\"lightbox-gallery-0qbBmbFX\" data-rl_title=\"\" data-rl_caption=\"\" title=\"\"><img loading=\"lazy\" decoding=\"async\" class=\"alignnone  wp-image-1371\" src=\"http:\/\/penzionpacifik.cz\/wp-content\/uploads\/2015\/02\/sn\u011bhul\u00e1k.png\" alt=\"sn\u011bhul\u00e1k\" width=\"134\" height=\"187\" \/><\/a><\/p>\n<p>&nbsp;<\/p>\n<p>&nbsp;<\/p>\n<p>&nbsp;<\/p>\n<p>&nbsp;<\/p>\n","protected":false},"excerpt":{"rendered":"<p>Sjezdovky a vleky &#8211; Ramzov\u00e1 &nbsp; N\u00e1zev Obt\u00ed\u017enost D\u00e9lka \u010cer\u0148ava &#8211; Ramzov\u00e1 I. 1400 m \u010cer\u0148ava &#8211; Ramzov\u00e1 II. 1300 m Mra\u010dn\u00e1 &#8211; \u010cer\u0148ava I. 900 m Mra\u010dn\u00e1 &#8211; \u010cer\u0148ava II. 1100 m \u010cern\u00e1 300 m \u0160er\u00e1k &#8211; Ramzov\u00e1 3260 m Ramzov\u00e1 &#8211; Louka 400 m &nbsp; &nbsp; &nbsp; &nbsp;<\/p>\n","protected":false},"author":1,"featured_media":0,"parent":0,"menu_order":0,"comment_status":"closed","ping_status":"closed","template":"","meta":{"footnotes":""},"class_list":["post-1005","page","type-page","status-publish","hentry"],"_links":{"self":[{"href":"https:\/\/www.penzionpacifik.cz\/index.php?rest_route=\/wp\/v2\/pages\/1005","targetHints":{"allow":["GET"]}}],"collection":[{"href":"https:\/\/www.penzionpacifik.cz\/index.php?rest_route=\/wp\/v2\/pages"}],"about":[{"href":"https:\/\/www.penzionpacifik.cz\/index.php?rest_route=\/wp\/v2\/types\/page"}],"author":[{"embeddable":true,"href":"https:\/\/www.penzionpacifik.cz\/index.php?rest_route=\/wp\/v2\/users\/1"}],"replies":[{"embeddable":true,"href":"https:\/\/www.penzionpacifik.cz\/index.php?rest_route=%2Fwp%2Fv2%2Fcomments&post=1005"}],"version-history":[{"count":0,"href":"https:\/\/www.penzionpacifik.cz\/index.php?rest_route=\/wp\/v2\/pages\/1005\/revisions"}],"wp:attachment":[{"href":"https:\/\/www.penzionpacifik.cz\/index.php?rest_route=%2Fwp%2Fv2%2Fmedia&parent=1005"}],"curies":[{"name":"wp","href":"https:\/\/api.w.org\/{rel}","templated":true}]}}